{"id":2927,"date":"2024-10-18T10:15:07","date_gmt":"2024-10-18T02:15:07","guid":{"rendered":"https:\/\/dgt-v16.com\/?page_id=2927"},"modified":"2024-10-18T10:16:00","modified_gmt":"2024-10-18T02:16:00","slug":"privacy-policy","status":"publish","type":"page","link":"https:\/\/dgt-v16.com\/de\/datenschutzrichtlinie\/","title":{"rendered":"Datenschutzrichtlinie"},"content":{"rendered":"<p>&nbsp;<\/p>\n<p>[matomo_opt_out]<\/p>\n<h2><\/h2>\n<h2 class=\"wp-block-heading\">Verwendung personenbezogener Daten<\/h2>\n<p>Wir verwenden die Informationen, die Sie angeben, wenn Sie sich f\u00fcr ein Konto registrieren, an unseren Veranstaltungen teilnehmen, Newsletter erhalten, bestimmte andere Dienste nutzen oder auf andere Weise am Open-Source-Projekt WordPress teilnehmen, nicht.<\/p>\n<p>Wir werden Ihre personenbezogenen Daten nicht an Dritte verkaufen oder vermieten, es sei denn, wir haben Ihre Erlaubnis oder sind gesetzlich dazu verpflichtet.<\/p>\n<p>Wir m\u00f6chten Ihnen gelegentlich E-Mail-Marketing-Mitteilungen senden, die f\u00fcr Sie von Interesse sein k\u00f6nnten. Wenn Sie dem Erhalt von Marketing-Mitteilungen zugestimmt haben, k\u00f6nnen Sie sich sp\u00e4ter abmelden.<\/p>\n<p>Sie haben jederzeit das Recht, die Kontaktaufnahme zu Marketingzwecken zu untersagen. Wenn Sie keine weiteren Werbebotschaften mehr erhalten m\u00f6chten, klicken Sie bitte auf den Abmeldelink unten in der E-Mail.<\/p>\n<h2 class=\"wp-block-heading\">Rechtsgrundlagen f\u00fcr die Verarbeitung personenbezogener Daten<\/h2>\n<p>Wir st\u00fctzen uns auf eine oder mehrere der folgenden Verarbeitungsbedingungen:<\/p>\n<ul class=\"wp-block-list\">\n<li>unsere berechtigten Interessen an der effektiven Bereitstellung von Informationen und Dienstleistungen f\u00fcr Sie;<\/li>\n<li>Ihre ausdr\u00fcckliche Einwilligung;<\/li>\n<li>rechtlichen Verpflichtungen.<\/li>\n<\/ul>\n<h2 class=\"wp-block-heading\">Rechte in Bezug auf Ihre Informationen<\/h2>\n<p>Gem\u00e4\u00df dem Datenschutzrecht haben Sie m\u00f6glicherweise bestimmte Rechte in Bezug auf die personenbezogenen Daten, die wir \u00fcber Sie gespeichert haben. Insbesondere haben Sie m\u00f6glicherweise das Recht auf:<\/p>\n<ul class=\"wp-block-list\">\n<li>Fordern Sie eine Kopie der pers\u00f6nlichen Daten an, die wir \u00fcber Sie gespeichert haben.<\/li>\n<li>zu verlangen, dass wir die personenbezogenen Daten, die wir \u00fcber Sie gespeichert haben, aktualisieren oder solche personenbezogenen Daten, die Sie f\u00fcr falsch oder unvollst\u00e4ndig halten, selbstst\u00e4ndig korrigieren;<\/li>\n<li>Sie k\u00f6nnen verlangen, dass wir Ihre personenbezogenen Daten, die wir \u00fcber Sie gespeichert haben, aus Live-Systemen l\u00f6schen oder die Art und Weise einschr\u00e4nken, wie wir diese personenbezogenen Daten verwenden (Informationen zur L\u00f6schung aus Archiven finden Sie im Abschnitt \u201eAufbewahrung personenbezogener Daten\u201c).<\/li>\n<li>Widerspruch gegen die Verarbeitung Ihrer personenbezogenen Daten einzulegen; und\/oder<\/li>\n<li>Ihre Einwilligung zur Verarbeitung Ihrer personenbezogenen Daten durch uns widerrufen (soweit die Verarbeitung auf einer Einwilligung beruht und die Einwilligung die einzige zul\u00e4ssige Grundlage f\u00fcr die Verarbeitung ist).<\/li>\n<\/ul>\n<p>Wenn Sie diese Rechte aus\u00fcben oder wissen m\u00f6chten, ob diese Rechte f\u00fcr Sie gelten, befolgen Sie bitte die Anweisungen am Ende dieser Datenschutzerkl\u00e4rung.<\/p>\n<h2 class=\"wp-block-heading\">Links von Drittanbietern<\/h2>\n<p>Unsere Website kann Links zu anderen Websites von Dritten enthalten, die nicht unserer Kontrolle unterliegen. Wenn Sie einem Link folgen und Informationen an eine Website eines Drittanbieters weitergeben, beachten Sie bitte, dass wir nicht f\u00fcr die an diesen Drittanbieter \u00fcbermittelten Daten verantwortlich sind. Diese Datenschutzrichtlinie gilt nur f\u00fcr die am Anfang dieses Dokuments aufgef\u00fchrten Websites. Wenn Sie andere Websites besuchen, auch wenn Sie auf einen Link auf WordPress.org klicken, sollten Sie deren eigene Datenschutzrichtlinien lesen.<\/p>\n<h2 class=\"wp-block-heading\">Aggregierte Statistiken<\/h2>\n<p>WordPress.org kann Statistiken \u00fcber das Verhalten der Besucher seiner Websites sammeln. Beispielsweise kann WordPress.org anzeigen, wie oft eine bestimmte Version von WordPress heruntergeladen wurde, oder berichten, welche Plugins am beliebtesten sind, basierend auf Daten von\u00a0<code>api.wordpress.org<\/code>, ein Webdienst, der von WordPress-Installationen verwendet wird, um nach neuen Versionen von WordPress und Plugins zu suchen. WordPress.org gibt jedoch keine personenbezogenen Daten weiter, au\u00dfer wie in dieser Richtlinie beschrieben.<\/p>\n<h2 class=\"wp-block-heading\">Cookie-Hinweis<\/h2>\n<p>Dar\u00fcber hinaus werden mithilfe von \u201eCookies\u201c automatisch Informationen \u00fcber Ihre Nutzung unserer Website gesammelt. Cookies sind Textdateien, die auf Ihrem Computer abgelegt werden, um Standard-Internetprotokolldaten und Informationen zum Besucherverhalten zu sammeln. Diese Informationen werden verwendet, um die Nutzung der Website durch Besucher zu verfolgen und statistische Berichte zur Website-Aktivit\u00e4t zu erstellen.<\/p>\n<h2 class=\"wp-block-heading\">\u00c4nderungen der Datenschutzrichtlinie<\/h2>\n<p>Obwohl die meisten \u00c4nderungen wahrscheinlich geringf\u00fcgig sind, kann WordPress.org seine Datenschutzrichtlinie von Zeit zu Zeit und nach eigenem Ermessen \u00e4ndern. WordPress.org empfiehlt Besuchern, diese Seite regelm\u00e4\u00dfig auf \u00c4nderungen der Datenschutzrichtlinie zu \u00fcberpr\u00fcfen. Ihre fortgesetzte Nutzung dieser Website nach einer \u00c4nderung dieser Datenschutzrichtlinie gilt als Zustimmung zu dieser \u00c4nderung.<\/p>\n<p>&nbsp;<\/p>","protected":false},"excerpt":{"rendered":"<p>&nbsp; [matomo_opt_out] Verwendung personenbezogener Daten Wir werden die Daten, die Sie bei der Registrierung f\u00fcr ein Konto, bei der Teilnahme an unseren Veranstaltungen, beim Erhalt von Newslettern, bei der Nutzung bestimmter anderer Dienste oder bei der Teilnahme am WordPress-Open-Source-Projekt angeben, nicht auf andere Weise verwenden. Wir werden Ihre personenbezogenen Daten nicht an Dritte verkaufen oder vermieten, es sei denn, wir [...]<\/p>","protected":false},"author":1,"featured_media":0,"parent":0,"menu_order":0,"comment_status":"closed","ping_status":"closed","template":"","meta":{"footnotes":""},"_links":{"self":[{"href":"https:\/\/dgt-v16.com\/de\/wp-json\/wp\/v2\/pages\/2927"}],"collection":[{"href":"https:\/\/dgt-v16.com\/de\/wp-json\/wp\/v2\/pages"}],"about":[{"href":"https:\/\/dgt-v16.com\/de\/wp-json\/wp\/v2\/types\/page"}],"author":[{"embeddable":true,"href":"https:\/\/dgt-v16.com\/de\/wp-json\/wp\/v2\/users\/1"}],"replies":[{"embeddable":true,"href":"https:\/\/dgt-v16.com\/de\/wp-json\/wp\/v2\/comments?post=2927"}],"version-history":[{"count":0,"href":"https:\/\/dgt-v16.com\/de\/wp-json\/wp\/v2\/pages\/2927\/revisions"}],"wp:attachment":[{"href":"https:\/\/dgt-v16.com\/de\/wp-json\/wp\/v2\/media?parent=2927"}],"curies":[{"name":"wp","href":"https:\/\/api.w.org\/{rel}","templated":true}]}}