{"id":6,"date":"2024-07-02T06:54:56","date_gmt":"2024-07-02T06:54:56","guid":{"rendered":"https:\/\/dgt-v16.com\/?page_id=6"},"modified":"2025-09-22T15:57:40","modified_gmt":"2025-09-22T07:57:40","slug":"home","status":"publish","type":"page","link":"https:\/\/dgt-v16.com\/de\/","title":{"rendered":"DGT V16 GPS Auto-Notleuchte Hersteller"},"content":{"rendered":"<div data-elementor-type=\"wp-page\" data-elementor-id=\"6\" class=\"elementor elementor-6\" data-elementor-post-type=\"page\">\n\t\t\t\t<div class=\"elementor-element elementor-element-739dcc6 e-con-full e-flex e-con e-parent\" data-id=\"739dcc6\" data-element_type=\"container\" data-settings=\"{&quot;background_background&quot;:&quot;gradient&quot;}\">\n\t\t<div class=\"elementor-element elementor-element-e587b46 e-con-full e-flex e-con e-child\" data-id=\"e587b46\" data-element_type=\"container\">\n\t\t\t\t<div class=\"elementor-element elementor-element-a5bf97d elementor-widget elementor-widget-image\" data-id=\"a5bf97d\" data-element_type=\"widget\" data-widget_type=\"image.default\">\n\t\t\t\t<div class=\"elementor-widget-container\">\n\t\t\t<style>\/*! elementor - v3.22.0 - 26-06-2024 *\/\n.elementor-widget-image{text-align:center}.elementor-widget-image a{display:inline-block}.elementor-widget-image a img[src$=\".svg\"]{width:48px}.elementor-widget-image img{vertical-align:middle;display:inline-block}<\/style>\t\t\t\t\t\t\t\t\t\t<img fetchpriority=\"high\" decoding=\"async\" width=\"746\" height=\"670\" src=\"https:\/\/dgt-v16.com\/wp-content\/uploads\/2025\/09\/V16.webp\" class=\"attachment-large size-large wp-image-3712\" alt=\"DGT V16 GPS-Warnleuchte\" srcset=\"https:\/\/dgt-v16.com\/wp-content\/uploads\/2025\/09\/V16.webp 746w, https:\/\/dgt-v16.com\/wp-content\/uploads\/2025\/09\/V16-300x269.webp 300w, https:\/\/dgt-v16.com\/wp-content\/uploads\/2025\/09\/V16-13x12.webp 13w\" sizes=\"(max-width: 746px) 100vw, 746px\" \/>\t\t\t\t\t\t\t\t\t\t\t\t\t<\/div>\n\t\t\t\t<\/div>\n\t\t\t\t<\/div>\n\t\t<div class=\"elementor-element elementor-element-3824c9d e-con-full e-flex e-con e-child\" data-id=\"3824c9d\" data-element_type=\"container\">\n\t\t\t\t<div class=\"elementor-element elementor-element-23f9955 elementor-widget elementor-widget-heading\" data-id=\"23f9955\" data-element_type=\"widget\" data-widget_type=\"heading.default\">\n\t\t\t\t<div class=\"elementor-widget-container\">\n\t\t\t<style>\/*! elementor - v3.22.0 - 26-06-2024 *\/\n.elementor-heading-title{padding:0;margin:0;line-height:1}.elementor-widget-heading .elementor-heading-title[class*=elementor-size-]>a{color:inherit;font-size:inherit;line-height:inherit}.elementor-widget-heading .elementor-heading-title.elementor-size-small{font-size:15px}.elementor-widget-heading .elementor-heading-title.elementor-size-medium{font-size:19px}.elementor-widget-heading .elementor-heading-title.elementor-size-large{font-size:29px}.elementor-widget-heading .elementor-heading-title.elementor-size-xl{font-size:39px}.elementor-widget-heading .elementor-heading-title.elementor-size-xxl{font-size:59px}<\/style><h1 class=\"elementor-heading-title elementor-size-default\">DGT V16 GPS Auto-Notleuchte Hersteller<\/h1>\t\t<\/div>\n\t\t\t\t<\/div>\n\t\t\t\t<div class=\"elementor-element elementor-element-11c995c elementor-widget elementor-widget-text-editor\" data-id=\"11c995c\" data-element_type=\"widget\" data-widget_type=\"text-editor.default\">\n\t\t\t\t<div class=\"elementor-widget-container\">\n\t\t\t<style>\/*! elementor - v3.22.0 - 26-06-2024 *\/\n.elementor-widget-text-editor.elementor-drop-cap-view-stacked .elementor-drop-cap{background-color:#69727d;color:#fff}.elementor-widget-text-editor.elementor-drop-cap-view-framed .elementor-drop-cap{color:#69727d;border:3px solid;background-color:transparent}.elementor-widget-text-editor:not(.elementor-drop-cap-view-default) .elementor-drop-cap{margin-top:8px}.elementor-widget-text-editor:not(.elementor-drop-cap-view-default) .elementor-drop-cap-letter{width:1em;height:1em}.elementor-widget-text-editor .elementor-drop-cap{float:left;text-align:center;line-height:1;font-size:50px}.elementor-widget-text-editor .elementor-drop-cap-letter{display:inline-block}<\/style>\t\t\t\t<p>Europataugliche GPS-Autowarnleuchten f\u00fcr Flotten. OEM\/ODM-f\u00e4hig, bew\u00e4hrte Zuverl\u00e4ssigkeit und nahtlose Integration in CAN\/OBD-Netzwerke.<\/p>\t\t\t\t\t\t<\/div>\n\t\t\t\t<\/div>\n\t\t\t\t<div class=\"elementor-element elementor-element-f7876bc elementor-widget elementor-widget-text-editor\" data-id=\"f7876bc\" data-element_type=\"widget\" data-widget_type=\"text-editor.default\">\n\t\t\t\t<div class=\"elementor-widget-container\">\n\t\t\t\t\t\t\t<ul><li>CE, RoHS, EMC-konform f\u00fcr EU-Flotten<\/li><li>UNECE Reg 65 Bereitschaft<\/li><li>Robuste IP-zertifizierte Konstruktion f\u00fcr weite Temperaturbereiche<\/li><li>Lokales EU-Unterst\u00fctzungsnetzwerk<\/li><\/ul>\t\t\t\t\t\t<\/div>\n\t\t\t\t<\/div>\n\t\t<div class=\"elementor-element elementor-element-f6b49a1 e-grid e-con-full e-con e-child\" data-id=\"f6b49a1\" data-element_type=\"container\">\n\t\t\t\t<div class=\"elementor-element elementor-element-2f0853c elementor-widget elementor-widget-button\" data-id=\"2f0853c\" data-element_type=\"widget\" data-widget_type=\"button.default\">\n\t\t\t\t<div class=\"elementor-widget-container\">\n\t\t\t\t\t<div class=\"elementor-button-wrapper\">\n\t\t\t<a class=\"elementor-button elementor-button-link elementor-size-sm\" href=\"https:\/\/dgt-v16.com\/de\/kontakt\/\">\n\t\t\t\t\t\t<span class=\"elementor-button-content-wrapper\">\n\t\t\t\t\t\t\t\t\t<span class=\"elementor-button-text\">Kontakt Vertrieb<\/span>\n\t\t\t\t\t<\/span>\n\t\t\t\t\t<\/a>\n\t\t<\/div>\n\t\t\t\t<\/div>\n\t\t\t\t<\/div>\n\t\t\t\t<div class=\"elementor-element elementor-element-729e526 elementor-widget elementor-widget-button\" data-id=\"729e526\" data-element_type=\"widget\" data-widget_type=\"button.default\">\n\t\t\t\t<div class=\"elementor-widget-container\">\n\t\t\t\t\t<div class=\"elementor-button-wrapper\">\n\t\t\t<a class=\"elementor-button elementor-button-link elementor-size-sm\" href=\"https:\/\/dgt-v16.com\/wp-content\/uploads\/2025\/09\/V16-GPS-Warning-Lamp-Proposal-Datasheet.xls\">\n\t\t\t\t\t\t<span class=\"elementor-button-content-wrapper\">\n\t\t\t\t\t\t\t\t\t<span class=\"elementor-button-text\">Datenblatt herunterladen<\/span>\n\t\t\t\t\t<\/span>\n\t\t\t\t\t<\/a>\n\t\t<\/div>\n\t\t\t\t<\/div>\n\t\t\t\t<\/div>\n\t\t\t\t<\/div>\n\t\t\t\t<\/div>\n\t\t<div class=\"elementor-element elementor-element-1d5f48a e-con-full e-flex e-con e-child\" data-id=\"1d5f48a\" data-element_type=\"container\">\n\t\t\t\t<\/div>\n\t\t\t\t<\/div>\n\t\t<div class=\"elementor-element elementor-element-2a51029 e-con-full e-flex e-con e-parent\" data-id=\"2a51029\" data-element_type=\"container\">\n\t\t<div class=\"elementor-element elementor-element-e3a8441 e-con-full e-flex e-con e-child\" data-id=\"e3a8441\" data-element_type=\"container\">\n\t\t\t\t<div class=\"elementor-element elementor-element-0c9547e elementor-widget elementor-widget-text-editor\" data-id=\"0c9547e\" data-element_type=\"widget\" data-widget_type=\"text-editor.default\">\n\t\t\t\t<div class=\"elementor-widget-container\">\n\t\t\t\t\t\t\t<h2 data-v-md-heading=\"advantages-of-dgt-gps-warning-light\" data-v-md-line=\"1\">Vorteile von GPS Car Emergency Light<\/h2><p data-v-md-line=\"3\">Die DGT GPS-Autowarnleuchte ist marktf\u00fchrend im Bereich Fahrzeugsicherheit und Verkehrsmanagement und bietet mehrere entscheidende Vorteile:<\/p><ol data-v-md-line=\"5\"><li><p data-v-md-line=\"5\"><strong>Zuverl\u00e4ssigkeit und Langlebigkeit<\/strong>: Aus hochwertigen Materialien gefertigt, leistet es auch in rauen Umgebungen gute Dienste und erh\u00f6ht die Fahrzeugsicherheit.<\/p><\/li><li><p data-v-md-line=\"7\"><strong>Integrierte GPS-Technologie<\/strong>: Ausgestattet mit einem fortschrittlichen GPS erm\u00f6glicht es eine \u00dcberwachung in Echtzeit und eine automatische Aktivierung, was die Sicherheit im Stra\u00dfenverkehr erheblich verbessert.<\/p><\/li><li><p data-v-md-line=\"9\"><strong>Internationale Einhaltung<\/strong>: Es erf\u00fcllt die CE-, RoHS- und UNECE Reg 65-Normen und gew\u00e4hrleistet damit weltweite Sicherheit und Rechtskonformit\u00e4t.<\/p><\/li><li><p data-v-md-line=\"11\"><strong>Einfache Installation und Kompatibilit\u00e4t<\/strong>: Entwickelt f\u00fcr eine schnelle Einrichtung, ist es kompatibel mit verschiedenen Fahrzeugen und Schnittstellen (wie CAN und OBD).<\/p><\/li><li><p data-v-md-line=\"13\"><strong>Umweltfreundlich und energieeffizient<\/strong>: Die energiesparende LED-Technologie reduziert den Stromverbrauch und die Umweltbelastung.<\/p><\/li><li><p data-v-md-line=\"15\"><strong>Flexible OEM\/ODM-Dienste<\/strong>: Anpassungsm\u00f6glichkeiten f\u00fcr das Branding und die Funktionalit\u00e4t sind je nach Kundenbedarf verf\u00fcgbar.<\/p><\/li><\/ol><p data-v-md-line=\"17\">Mit diesen Vorteilen garantiert das GPS Car Emergency Light eine au\u00dfergew\u00f6hnliche Qualit\u00e4t und tr\u00e4gt zur weltweiten Verkehrssicherheit bei.<\/p>\t\t\t\t\t\t<\/div>\n\t\t\t\t<\/div>\n\t\t\t\t<\/div>\n\t\t<div class=\"elementor-element elementor-element-8723849 e-con-full e-flex e-con e-child\" data-id=\"8723849\" data-element_type=\"container\">\n\t\t\t\t<div class=\"elementor-element elementor-element-c718db2 elementor-widget elementor-widget-video\" data-id=\"c718db2\" data-element_type=\"widget\" data-settings=\"{&quot;youtube_url&quot;:&quot;https:\\\/\\\/youtu.be\\\/MG1NXusR2Ss&quot;,&quot;video_type&quot;:&quot;youtube&quot;,&quot;controls&quot;:&quot;yes&quot;}\" data-widget_type=\"video.default\">\n\t\t\t\t<div class=\"elementor-widget-container\">\n\t\t\t<style>\/*! elementor - v3.22.0 - 26-06-2024 *\/\n.elementor-widget-video .elementor-widget-container{overflow:hidden;transform:translateZ(0)}.elementor-widget-video .elementor-wrapper{aspect-ratio:var(--video-aspect-ratio)}.elementor-widget-video .elementor-wrapper iframe,.elementor-widget-video .elementor-wrapper video{height:100%;width:100%;display:flex;border:none;background-color:#000}@supports not (aspect-ratio:1\/1){.elementor-widget-video .elementor-wrapper{position:relative;overflow:hidden;height:0;padding-bottom:calc(100% \/ var(--video-aspect-ratio))}.elementor-widget-video .elementor-wrapper iframe,.elementor-widget-video .elementor-wrapper video{position:absolute;top:0;right:0;bottom:0;left:0}}.elementor-widget-video .elementor-open-inline .elementor-custom-embed-image-overlay{position:absolute;top:0;right:0;bottom:0;left:0;background-size:cover;background-position:50%}.elementor-widget-video .elementor-custom-embed-image-overlay{cursor:pointer;text-align:center}.elementor-widget-video .elementor-custom-embed-image-overlay:hover .elementor-custom-embed-play i{opacity:1}.elementor-widget-video .elementor-custom-embed-image-overlay img{display:block;width:100%;aspect-ratio:var(--video-aspect-ratio);-o-object-fit:cover;object-fit:cover;-o-object-position:center center;object-position:center center}@supports not (aspect-ratio:1\/1){.elementor-widget-video .elementor-custom-embed-image-overlay{position:relative;overflow:hidden;height:0;padding-bottom:calc(100% \/ var(--video-aspect-ratio))}.elementor-widget-video .elementor-custom-embed-image-overlay img{position:absolute;top:0;right:0;bottom:0;left:0}}.elementor-widget-video .e-hosted-video .elementor-video{-o-object-fit:cover;object-fit:cover}.e-con-inner>.elementor-widget-video,.e-con>.elementor-widget-video{width:var(--container-widget-width);--flex-grow:var(--container-widget-flex-grow)}<\/style>\t\t<div class=\"elementor-wrapper elementor-open-inline\">\n\t\t\t<div class=\"elementor-video\"><\/div>\t\t<\/div>\n\t\t\t\t<\/div>\n\t\t\t\t<\/div>\n\t\t\t\t<\/div>\n\t\t\t\t<\/div>\n\t\t<div class=\"elementor-element elementor-element-c11c0fa e-con-full e-flex e-con e-parent\" data-id=\"c11c0fa\" data-element_type=\"container\">\n\t\t<div class=\"elementor-element elementor-element-cbbf316 e-con-full e-flex e-con e-child\" data-id=\"cbbf316\" data-element_type=\"container\">\n\t\t\t\t<div class=\"elementor-element elementor-element-b2f9828 elementor-widget elementor-widget-text-editor\" data-id=\"b2f9828\" data-element_type=\"widget\" data-widget_type=\"text-editor.default\">\n\t\t\t\t<div class=\"elementor-widget-container\">\n\t\t\t\t\t\t\t<h3>Logistik Kunde A - 2.000+ Fahrzeuge<\/h3><p>Reduzierung der Sicherheitsvorf\u00e4lle um X%, Verbesserung der Liefertreue um Y%.<\/p><p><a aria-label=\"Fallstudie lesen\">Fallstudie lesen<\/a><\/p>\t\t\t\t\t\t<\/div>\n\t\t\t\t<\/div>\n\t\t\t\t<\/div>\n\t\t<div class=\"elementor-element elementor-element-f0074ff e-con-full e-flex e-con e-child\" data-id=\"f0074ff\" data-element_type=\"container\">\n\t\t\t\t<div class=\"elementor-element elementor-element-f3c2d17 elementor-widget elementor-widget-text-editor\" data-id=\"f3c2d17\" data-element_type=\"widget\" data-widget_type=\"text-editor.default\">\n\t\t\t\t<div class=\"elementor-widget-container\">\n\t\t\t\t\t\t\t<h3>\u00d6ffentlicher Verkehr Kunde B - Stadtrouten<\/h3><p>Verbesserte Verantwortlichkeit der Fahrer und Standardisierung der Signalisierung.<\/p><p>Fallstudie lesen<\/p>\t\t\t\t\t\t<\/div>\n\t\t\t\t<\/div>\n\t\t\t\t<\/div>\n\t\t\t\t<\/div>\n\t\t<div class=\"elementor-element elementor-element-301b974 e-con-full e-flex e-con e-parent\" data-id=\"301b974\" data-element_type=\"container\">\n\t\t\t\t<div class=\"elementor-element elementor-element-0a997aa elementor-widget elementor-widget-button\" data-id=\"0a997aa\" data-element_type=\"widget\" data-widget_type=\"button.default\">\n\t\t\t\t<div class=\"elementor-widget-container\">\n\t\t\t\t\t<div class=\"elementor-button-wrapper\">\n\t\t\t<a class=\"elementor-button elementor-button-link elementor-size-sm\" href=\"https:\/\/dgt-v16.com\/de\/category\/blog\/\">\n\t\t\t\t\t\t<span class=\"elementor-button-content-wrapper\">\n\t\t\t\t\t\t\t\t\t<span class=\"elementor-button-text\">Alle Fallstudien anzeigen<\/span>\n\t\t\t\t\t<\/span>\n\t\t\t\t\t<\/a>\n\t\t<\/div>\n\t\t\t\t<\/div>\n\t\t\t\t<\/div>\n\t\t\t\t<\/div>\n\t\t<div class=\"elementor-element elementor-element-e095795 e-con-full e-flex e-con e-parent\" data-id=\"e095795\" data-element_type=\"container\">\n\t\t<div class=\"elementor-element elementor-element-52469cf e-con-full e-flex e-con e-child\" data-id=\"52469cf\" data-element_type=\"container\">\n\t\t\t\t<div class=\"elementor-element elementor-element-a7a1f42 elementor-widget elementor-widget-text-editor\" data-id=\"a7a1f42\" data-element_type=\"widget\" data-widget_type=\"text-editor.default\">\n\t\t\t\t<div class=\"elementor-widget-container\">\n\t\t\t\t\t\t\t<h3>Datenblatt - DGT V16 Serie<\/h3><p>Technische Daten, elektrische Schaltpl\u00e4ne<\/p>\t\t\t\t\t\t<\/div>\n\t\t\t\t<\/div>\n\t\t\t\t<div class=\"elementor-element elementor-element-8d1d141 elementor-widget elementor-widget-button\" data-id=\"8d1d141\" data-element_type=\"widget\" data-widget_type=\"button.default\">\n\t\t\t\t<div class=\"elementor-widget-container\">\n\t\t\t\t\t<div class=\"elementor-button-wrapper\">\n\t\t\t<a class=\"elementor-button elementor-button-link elementor-size-sm\" href=\"#\">\n\t\t\t\t\t\t<span class=\"elementor-button-content-wrapper\">\n\t\t\t\t\t\t\t\t\t<span class=\"elementor-button-text\">Datenblatt herunterladen<\/span>\n\t\t\t\t\t<\/span>\n\t\t\t\t\t<\/a>\n\t\t<\/div>\n\t\t\t\t<\/div>\n\t\t\t\t<\/div>\n\t\t\t\t<\/div>\n\t\t<div class=\"elementor-element elementor-element-ecce980 e-con-full e-flex e-con e-child\" data-id=\"ecce980\" data-element_type=\"container\">\n\t\t\t\t<div class=\"elementor-element elementor-element-4b2359d elementor-widget elementor-widget-text-editor\" data-id=\"4b2359d\" data-element_type=\"widget\" data-widget_type=\"text-editor.default\">\n\t\t\t\t<div class=\"elementor-widget-container\">\n\t\t\t\t\t\t\t<h3>API-Dokumentation<\/h3><p>XML\/JSON API, Integrationsbeispiele<\/p>\t\t\t\t\t\t<\/div>\n\t\t\t\t<\/div>\n\t\t\t\t<div class=\"elementor-element elementor-element-2dd5730 elementor-widget elementor-widget-button\" data-id=\"2dd5730\" data-element_type=\"widget\" data-widget_type=\"button.default\">\n\t\t\t\t<div class=\"elementor-widget-container\">\n\t\t\t\t\t<div class=\"elementor-button-wrapper\">\n\t\t\t<a class=\"elementor-button elementor-button-link elementor-size-sm\" href=\"#\">\n\t\t\t\t\t\t<span class=\"elementor-button-content-wrapper\">\n\t\t\t\t\t\t\t\t\t<span class=\"elementor-button-text\">API-Dokumentation<\/span>\n\t\t\t\t\t<\/span>\n\t\t\t\t\t<\/a>\n\t\t<\/div>\n\t\t\t\t<\/div>\n\t\t\t\t<\/div>\n\t\t\t\t<\/div>\n\t\t<div class=\"elementor-element elementor-element-6e8e6b4 e-con-full e-flex e-con e-child\" data-id=\"6e8e6b4\" data-element_type=\"container\">\n\t\t\t\t<div class=\"elementor-element elementor-element-154637f elementor-widget elementor-widget-text-editor\" data-id=\"154637f\" data-element_type=\"widget\" data-widget_type=\"text-editor.default\">\n\t\t\t\t<div class=\"elementor-widget-container\">\n\t\t\t\t\t\t\t<h3>Wei\u00dfbuch - GPS-Warnleuchten f\u00fcr Flotten in der EU<\/h3><p>Bew\u00e4hrte Verfahren f\u00fcr EU-Flotten<\/p>\t\t\t\t\t\t<\/div>\n\t\t\t\t<\/div>\n\t\t\t\t<div class=\"elementor-element elementor-element-f060162 elementor-widget elementor-widget-button\" data-id=\"f060162\" data-element_type=\"widget\" data-widget_type=\"button.default\">\n\t\t\t\t<div class=\"elementor-widget-container\">\n\t\t\t\t\t<div class=\"elementor-button-wrapper\">\n\t\t\t<a class=\"elementor-button elementor-button-link elementor-size-sm\" href=\"#\">\n\t\t\t\t\t\t<span class=\"elementor-button-content-wrapper\">\n\t\t\t\t\t\t\t\t\t<span class=\"elementor-button-text\">White Paper herunterladen<\/span>\n\t\t\t\t\t<\/span>\n\t\t\t\t\t<\/a>\n\t\t<\/div>\n\t\t\t\t<\/div>\n\t\t\t\t<\/div>\n\t\t\t\t<\/div>\n\t\t\t\t<\/div>\n\t\t\t\t<\/div>","protected":false},"excerpt":{"rendered":"<p>DGT V16 GPS Car Emergency Light Manufacturer European-ready GPS Car warning lights for fleets. OEM\/ODM capable, proven reliability, and seamless integration with CAN\/OBD networks. CE, RoHS, EMC compliant for EU fleets UNECE Reg 65 readiness Wide temperature, rugged IP-rated design Local EU support network Contact Sales Download Datasheet Advantages of\u00a0GPS Car Emergency Light The DGT [&hellip;]<\/p>","protected":false},"author":1,"featured_media":0,"parent":0,"menu_order":0,"comment_status":"closed","ping_status":"closed","template":"elementor_header_footer","meta":{"footnotes":""},"_links":{"self":[{"href":"https:\/\/dgt-v16.com\/de\/wp-json\/wp\/v2\/pages\/6"}],"collection":[{"href":"https:\/\/dgt-v16.com\/de\/wp-json\/wp\/v2\/pages"}],"about":[{"href":"https:\/\/dgt-v16.com\/de\/wp-json\/wp\/v2\/types\/page"}],"author":[{"embeddable":true,"href":"https:\/\/dgt-v16.com\/de\/wp-json\/wp\/v2\/users\/1"}],"replies":[{"embeddable":true,"href":"https:\/\/dgt-v16.com\/de\/wp-json\/wp\/v2\/comments?post=6"}],"version-history":[{"count":4,"href":"https:\/\/dgt-v16.com\/de\/wp-json\/wp\/v2\/pages\/6\/revisions"}],"predecessor-version":[{"id":3886,"href":"https:\/\/dgt-v16.com\/de\/wp-json\/wp\/v2\/pages\/6\/revisions\/3886"}],"wp:attachment":[{"href":"https:\/\/dgt-v16.com\/de\/wp-json\/wp\/v2\/media?parent=6"}],"curies":[{"name":"wp","href":"https:\/\/api.w.org\/{rel}","templated":true}]}}