{"id":2927,"date":"2024-10-18T10:15:07","date_gmt":"2024-10-18T02:15:07","guid":{"rendered":"https:\/\/dgt-v16.com\/?page_id=2927"},"modified":"2024-10-18T10:16:00","modified_gmt":"2024-10-18T02:16:00","slug":"privacy-policy","status":"publish","type":"page","link":"https:\/\/dgt-v16.com\/es\/politica-de-privacidad\/","title":{"rendered":"Pol\u00edtica de privacidad"},"content":{"rendered":"<p>&nbsp;<\/p>\n<p>[matomo_opt_out]<\/p>\n<h2><\/h2>\n<h2 class=\"wp-block-heading\">Uso de informaci\u00f3n personal<\/h2>\n<p>No utilizaremos la informaci\u00f3n que nos proporcione cuando se registre para una cuenta, asista a nuestros eventos, reciba boletines informativos, utilice otros servicios determinados o participe en el proyecto de c\u00f3digo abierto WordPress de cualquier otra manera.<\/p>\n<p>No venderemos ni alquilaremos su informaci\u00f3n personal a terceros a menos que tengamos su permiso o la ley nos exija hacerlo.<\/p>\n<p>Nos gustar\u00eda enviarle ocasionalmente comunicaciones de marketing por correo electr\u00f3nico que podr\u00edan ser de su inter\u00e9s. Si ha dado su consentimiento para recibir marketing, puede cancelar su suscripci\u00f3n m\u00e1s adelante.<\/p>\n<p>Tiene derecho a que dejemos de contactarle con fines comerciales en cualquier momento. Si ya no desea que nos pongamos en contacto con usted con fines comerciales, haga clic en el enlace para cancelar la suscripci\u00f3n que encontrar\u00e1 al final del correo electr\u00f3nico.<\/p>\n<h2 class=\"wp-block-heading\">Bases legales para el tratamiento de informaci\u00f3n personal<\/h2>\n<p>Nos basamos en una o m\u00e1s de las siguientes condiciones de procesamiento:<\/p>\n<ul class=\"wp-block-list\">\n<li>nuestros intereses leg\u00edtimos en la entrega efectiva de informaci\u00f3n y servicios para usted;<\/li>\n<li>consentimiento expl\u00edcito que usted haya dado;<\/li>\n<li>obligaciones legales.<\/li>\n<\/ul>\n<h2 class=\"wp-block-heading\">Derechos en relaci\u00f3n con su informaci\u00f3n<\/h2>\n<p>Usted podr\u00eda tener ciertos derechos bajo la ley de protecci\u00f3n de datos en relaci\u00f3n con la informaci\u00f3n personal que tenemos sobre usted. En particular, podr\u00eda tener derecho a:<\/p>\n<ul class=\"wp-block-list\">\n<li>solicitar una copia de la informaci\u00f3n personal que tenemos sobre usted;<\/li>\n<li>solicitar que actualicemos la informaci\u00f3n personal que tenemos sobre usted o que corrijamos de forma independiente dicha informaci\u00f3n personal que considere incorrecta o incompleta;<\/li>\n<li>solicitar que eliminemos la informaci\u00f3n personal que tenemos sobre usted de los sistemas activos, o restringir la forma en que usamos dicha informaci\u00f3n personal (para obtener informaci\u00f3n sobre la eliminaci\u00f3n de los archivos, consulte la secci\u00f3n \u201cRetenci\u00f3n de informaci\u00f3n personal\u201d);<\/li>\n<li>oponerse a nuestro procesamiento de su informaci\u00f3n personal; y\/o<\/li>\n<li>retirar su consentimiento para que procesemos su informaci\u00f3n personal (en la medida en que dicho procesamiento est\u00e9 basado en el consentimiento y el consentimiento sea la \u00fanica base permitida para el procesamiento).<\/li>\n<\/ul>\n<p>Si desea ejercer estos derechos o comprender si estos derechos se aplican a usted, siga las instrucciones al final de esta declaraci\u00f3n de privacidad.<\/p>\n<h2 class=\"wp-block-heading\">Enlaces de terceros<\/h2>\n<p>Nuestro sitio web puede contener enlaces a otros sitios web proporcionados por terceros que no controlamos. Al seguir un enlace y proporcionar informaci\u00f3n a un sitio web de terceros, tenga en cuenta que no nos hacemos responsables de los datos proporcionados a dicho tercero. Esta pol\u00edtica de privacidad solo se aplica a los sitios web mencionados al principio de este documento, por lo que cuando visite otros sitios web, incluso al hacer clic en un enlace publicado en WordPress.org, debe leer sus propias pol\u00edticas de privacidad.<\/p>\n<h2 class=\"wp-block-heading\">Estad\u00edsticas agregadas<\/h2>\n<p>WordPress.org puede recopilar estad\u00edsticas sobre el comportamiento de los visitantes de sus sitios web. Por ejemplo, WordPress.org puede revelar cu\u00e1ntas veces se descarg\u00f3 una versi\u00f3n espec\u00edfica de WordPress o informar sobre los plugins m\u00e1s populares, bas\u00e1ndose en datos recopilados por\u00a0<code>api.wordpress.org<\/code>, un servicio web que utilizan las instalaciones de WordPress para buscar nuevas versiones de WordPress y sus plugins. Sin embargo, WordPress.org no divulga informaci\u00f3n personal, salvo lo descrito en esta pol\u00edtica.<\/p>\n<h2 class=\"wp-block-heading\">Galletas<\/h2>\n<p>Adem\u00e1s, la informaci\u00f3n sobre c\u00f3mo utiliza nuestro sitio web se recopila autom\u00e1ticamente mediante cookies. Las cookies son archivos de texto que se almacenan en su ordenador para recopilar informaci\u00f3n est\u00e1ndar de registro de internet e informaci\u00f3n sobre el comportamiento de los visitantes. Esta informaci\u00f3n se utiliza para rastrear el uso del sitio web por parte de los visitantes y para elaborar informes estad\u00edsticos sobre su actividad.<\/p>\n<h2 class=\"wp-block-heading\">Cambios en la pol\u00edtica de privacidad<\/h2>\n<p>Aunque es probable que la mayor\u00eda de los cambios sean menores, WordPress.org puede modificar su Pol\u00edtica de Privacidad ocasionalmente, a su entera discreci\u00f3n. WordPress.org recomienda a sus visitantes que revisen esta p\u00e1gina con frecuencia para estar al tanto de cualquier cambio en su Pol\u00edtica de Privacidad. El uso continuado de este sitio despu\u00e9s de cualquier cambio en esta Pol\u00edtica de Privacidad implicar\u00e1 la aceptaci\u00f3n de dicho cambio.<\/p>\n<p>&nbsp;<\/p>","protected":false},"excerpt":{"rendered":"<p>&nbsp; [matomo_opt_out] Use of personal information We will not use the information you provide when you register for an account, attend our events, receive newsletters, use certain other services, or participate in the WordPress open source project in any other way. We will not sell or lease your personal information to third parties unless we [&hellip;]<\/p>","protected":false},"author":1,"featured_media":0,"parent":0,"menu_order":0,"comment_status":"closed","ping_status":"closed","template":"","meta":{"footnotes":""},"_links":{"self":[{"href":"https:\/\/dgt-v16.com\/es\/wp-json\/wp\/v2\/pages\/2927"}],"collection":[{"href":"https:\/\/dgt-v16.com\/es\/wp-json\/wp\/v2\/pages"}],"about":[{"href":"https:\/\/dgt-v16.com\/es\/wp-json\/wp\/v2\/types\/page"}],"author":[{"embeddable":true,"href":"https:\/\/dgt-v16.com\/es\/wp-json\/wp\/v2\/users\/1"}],"replies":[{"embeddable":true,"href":"https:\/\/dgt-v16.com\/es\/wp-json\/wp\/v2\/comments?post=2927"}],"version-history":[{"count":0,"href":"https:\/\/dgt-v16.com\/es\/wp-json\/wp\/v2\/pages\/2927\/revisions"}],"wp:attachment":[{"href":"https:\/\/dgt-v16.com\/es\/wp-json\/wp\/v2\/media?parent=2927"}],"curies":[{"name":"wp","href":"https:\/\/api.w.org\/{rel}","templated":true}]}}