{"id":2927,"date":"2024-10-18T10:15:07","date_gmt":"2024-10-18T02:15:07","guid":{"rendered":"https:\/\/dgt-v16.com\/?page_id=2927"},"modified":"2024-10-18T10:16:00","modified_gmt":"2024-10-18T02:16:00","slug":"privacy-policy","status":"publish","type":"page","link":"https:\/\/dgt-v16.com\/fr\/politique-de-confidentialite\/","title":{"rendered":"Politique de confidentialit\u00e9"},"content":{"rendered":"<p>&nbsp;<\/p>\n<p>[matomo_opt_out]<\/p>\n<h2><\/h2>\n<h2 class=\"wp-block-heading\">Utilisation des informations personnelles<\/h2>\n<p>Nous n&#039;utiliserons pas les informations que vous fournissez lorsque vous cr\u00e9ez un compte, assistez \u00e0 nos \u00e9v\u00e9nements, recevez des newsletters, utilisez certains autres services ou participez au projet open source WordPress de toute autre mani\u00e8re.<\/p>\n<p>Nous ne vendrons ni ne louerons vos informations personnelles \u00e0 des tiers, sauf si nous avons votre permission ou si la loi nous y oblige.<\/p>\n<p>Nous souhaitons vous envoyer ponctuellement des communications marketing par e-mail susceptibles de vous int\u00e9resser. Si vous avez consenti \u00e0 ces communications, vous pourrez vous d\u00e9sinscrire ult\u00e9rieurement.<\/p>\n<p>Vous avez le droit de nous demander \u00e0 tout moment de cesser de vous contacter \u00e0 des fins marketing. Si vous ne souhaitez plus \u00eatre contact\u00e9 \u00e0 des fins marketing, veuillez cliquer sur le lien de d\u00e9sabonnement figurant au bas de l&#039;e-mail.<\/p>\n<h2 class=\"wp-block-heading\">Fondements juridiques du traitement des informations personnelles<\/h2>\n<p>Nous nous appuyons sur une ou plusieurs des conditions de traitement suivantes :<\/p>\n<ul class=\"wp-block-list\">\n<li>nos int\u00e9r\u00eats l\u00e9gitimes dans la fourniture efficace d\u2019informations et de services \u00e0 votre \u00e9gard\u00a0;<\/li>\n<li>consentement explicite que vous avez donn\u00e9 ;<\/li>\n<li>obligations l\u00e9gales.<\/li>\n<\/ul>\n<h2 class=\"wp-block-heading\">Droits relatifs \u00e0 vos informations<\/h2>\n<p>Vous disposez de certains droits en vertu de la l\u00e9gislation sur la protection des donn\u00e9es concernant les informations personnelles que nous d\u00e9tenons \u00e0 votre sujet. Vous pouvez notamment avoir le droit de\u00a0:<\/p>\n<ul class=\"wp-block-list\">\n<li>demander une copie des informations personnelles que nous d\u00e9tenons \u00e0 votre sujet\u00a0;<\/li>\n<li>demander que nous mettions \u00e0 jour les informations personnelles que nous d\u00e9tenons \u00e0 votre sujet, ou que nous corrigions de mani\u00e8re ind\u00e9pendante les informations personnelles que vous jugez incorrectes ou incompl\u00e8tes\u00a0;<\/li>\n<li>demander que nous supprimions les informations personnelles que nous d\u00e9tenons \u00e0 votre sujet des syst\u00e8mes en direct, ou restreindre la mani\u00e8re dont nous utilisons ces informations personnelles (pour plus d&#039;informations sur la suppression des archives, consultez la section \u00ab Conservation des informations personnelles \u00bb)\u00a0;<\/li>\n<li>vous opposer au traitement de vos informations personnelles\u00a0; et\/ou<\/li>\n<li>retirer votre consentement \u00e0 notre traitement de vos informations personnelles (dans la mesure o\u00f9 un tel traitement est bas\u00e9 sur le consentement et que le consentement est la seule base autoris\u00e9e pour le traitement).<\/li>\n<\/ul>\n<p>Si vous souhaitez exercer ces droits ou comprendre si ces droits s&#039;appliquent \u00e0 vous, veuillez suivre les instructions \u00e0 la fin de cette d\u00e9claration de confidentialit\u00e9.<\/p>\n<h2 class=\"wp-block-heading\">Liens tiers<\/h2>\n<p>Notre site web peut contenir des liens vers d&#039;autres sites web fournis par des tiers ind\u00e9pendants de notre volont\u00e9. Lorsque vous suivez un lien et fournissez des informations \u00e0 un site web tiers, sachez que nous ne sommes pas responsables des donn\u00e9es fournies \u00e0 ce tiers. Cette politique de confidentialit\u00e9 s&#039;applique uniquement aux sites web mentionn\u00e9s au d\u00e9but de ce document. Par cons\u00e9quent, lorsque vous visitez d&#039;autres sites web, m\u00eame lorsque vous cliquez sur un lien publi\u00e9 sur WordPress.org, veuillez lire leurs propres politiques de confidentialit\u00e9.<\/p>\n<h2 class=\"wp-block-heading\">Statistiques agr\u00e9g\u00e9es<\/h2>\n<p>WordPress.org peut recueillir des statistiques sur le comportement des visiteurs de ses sites web. Par exemple, WordPress.org peut r\u00e9v\u00e9ler le nombre de t\u00e9l\u00e9chargements d&#039;une version donn\u00e9e de WordPress ou indiquer les extensions les plus populaires, en fonction des donn\u00e9es collect\u00e9es par WordPress.\u00a0<code>api.wordpress.org<\/code>, un service web utilis\u00e9 par les installations WordPress pour v\u00e9rifier les nouvelles versions de WordPress et des extensions. Cependant, WordPress.org ne divulgue aucune information personnelle identifiable, sauf dans les cas d\u00e9crits dans la pr\u00e9sente politique.<\/p>\n<h2 class=\"wp-block-heading\">Cookies<\/h2>\n<p>De plus, des informations sur votre utilisation de notre site web sont collect\u00e9es automatiquement \u00e0 l&#039;aide de cookies. Les cookies sont des fichiers texte plac\u00e9s sur votre ordinateur pour collecter des informations standard sur votre connexion Internet et le comportement des visiteurs. Ces informations permettent de suivre l&#039;utilisation du site web par les visiteurs et de compiler des rapports statistiques sur son activit\u00e9.<\/p>\n<h2 class=\"wp-block-heading\">Modifications de la politique de confidentialit\u00e9<\/h2>\n<p>Bien que la plupart des modifications soient probablement mineures, WordPress.org peut modifier sa Politique de confidentialit\u00e9 de temps \u00e0 autre, \u00e0 sa seule discr\u00e9tion. WordPress.org encourage ses visiteurs \u00e0 consulter r\u00e9guli\u00e8rement cette page pour prendre connaissance de toute modification apport\u00e9e \u00e0 sa Politique de confidentialit\u00e9. Votre utilisation continue de ce site apr\u00e8s toute modification de la pr\u00e9sente Politique de confidentialit\u00e9 vaut acceptation de cette modification.<\/p>\n<p>&nbsp;<\/p>","protected":false},"excerpt":{"rendered":"<p>&nbsp; [Nous n'utiliserons pas les informations que vous fournissez lorsque vous cr\u00e9ez un compte, participez \u00e0 nos \u00e9v\u00e9nements, recevez des bulletins d'information, utilisez certains autres services ou participez au projet open source WordPress de quelque autre mani\u00e8re que ce soit. Nous ne vendrons ni ne louerons vos informations personnelles \u00e0 des tiers, sauf si nous [...]<\/p>","protected":false},"author":1,"featured_media":0,"parent":0,"menu_order":0,"comment_status":"closed","ping_status":"closed","template":"","meta":{"footnotes":""},"_links":{"self":[{"href":"https:\/\/dgt-v16.com\/fr\/wp-json\/wp\/v2\/pages\/2927"}],"collection":[{"href":"https:\/\/dgt-v16.com\/fr\/wp-json\/wp\/v2\/pages"}],"about":[{"href":"https:\/\/dgt-v16.com\/fr\/wp-json\/wp\/v2\/types\/page"}],"author":[{"embeddable":true,"href":"https:\/\/dgt-v16.com\/fr\/wp-json\/wp\/v2\/users\/1"}],"replies":[{"embeddable":true,"href":"https:\/\/dgt-v16.com\/fr\/wp-json\/wp\/v2\/comments?post=2927"}],"version-history":[{"count":0,"href":"https:\/\/dgt-v16.com\/fr\/wp-json\/wp\/v2\/pages\/2927\/revisions"}],"wp:attachment":[{"href":"https:\/\/dgt-v16.com\/fr\/wp-json\/wp\/v2\/media?parent=2927"}],"curies":[{"name":"wp","href":"https:\/\/api.w.org\/{rel}","templated":true}]}}