{"id":6,"date":"2024-07-02T06:54:56","date_gmt":"2024-07-02T06:54:56","guid":{"rendered":"https:\/\/dgt-v16.com\/?page_id=6"},"modified":"2025-09-22T15:57:40","modified_gmt":"2025-09-22T07:57:40","slug":"home","status":"publish","type":"page","link":"https:\/\/dgt-v16.com\/fr\/","title":{"rendered":"DGT V16 GPS Lumi\u00e8re d'urgence pour voiture Fabricant"},"content":{"rendered":"<div data-elementor-type=\"wp-page\" data-elementor-id=\"6\" class=\"elementor elementor-6\" data-elementor-post-type=\"page\">\n\t\t\t\t<div class=\"elementor-element elementor-element-739dcc6 e-con-full e-flex e-con e-parent\" data-id=\"739dcc6\" data-element_type=\"container\" data-settings=\"{&quot;background_background&quot;:&quot;gradient&quot;}\">\n\t\t<div class=\"elementor-element elementor-element-e587b46 e-con-full e-flex e-con e-child\" data-id=\"e587b46\" data-element_type=\"container\">\n\t\t\t\t<div class=\"elementor-element elementor-element-a5bf97d elementor-widget elementor-widget-image\" data-id=\"a5bf97d\" data-element_type=\"widget\" data-widget_type=\"image.default\">\n\t\t\t\t<div class=\"elementor-widget-container\">\n\t\t\t<style>\/*! elementor - v3.22.0 - 26-06-2024 *\/\n.elementor-widget-image{text-align:center}.elementor-widget-image a{display:inline-block}.elementor-widget-image a img[src$=\".svg\"]{width:48px}.elementor-widget-image img{vertical-align:middle;display:inline-block}<\/style>\t\t\t\t\t\t\t\t\t\t<img fetchpriority=\"high\" decoding=\"async\" width=\"746\" height=\"670\" src=\"https:\/\/dgt-v16.com\/wp-content\/uploads\/2025\/09\/V16.webp\" class=\"attachment-large size-large wp-image-3712\" alt=\"DGT V16 GPS Warning Light\" srcset=\"https:\/\/dgt-v16.com\/wp-content\/uploads\/2025\/09\/V16.webp 746w, https:\/\/dgt-v16.com\/wp-content\/uploads\/2025\/09\/V16-300x269.webp 300w, https:\/\/dgt-v16.com\/wp-content\/uploads\/2025\/09\/V16-13x12.webp 13w\" sizes=\"(max-width: 746px) 100vw, 746px\" \/>\t\t\t\t\t\t\t\t\t\t\t\t\t<\/div>\n\t\t\t\t<\/div>\n\t\t\t\t<\/div>\n\t\t<div class=\"elementor-element elementor-element-3824c9d e-con-full e-flex e-con e-child\" data-id=\"3824c9d\" data-element_type=\"container\">\n\t\t\t\t<div class=\"elementor-element elementor-element-23f9955 elementor-widget elementor-widget-heading\" data-id=\"23f9955\" data-element_type=\"widget\" data-widget_type=\"heading.default\">\n\t\t\t\t<div class=\"elementor-widget-container\">\n\t\t\t<style>\/*! elementor - v3.22.0 - 26-06-2024 *\/\n.elementor-heading-title{padding:0;margin:0;line-height:1}.elementor-widget-heading .elementor-heading-title[class*=elementor-size-]>a{color:inherit;font-size:inherit;line-height:inherit}.elementor-widget-heading .elementor-heading-title.elementor-size-small{font-size:15px}.elementor-widget-heading .elementor-heading-title.elementor-size-medium{font-size:19px}.elementor-widget-heading .elementor-heading-title.elementor-size-large{font-size:29px}.elementor-widget-heading .elementor-heading-title.elementor-size-xl{font-size:39px}.elementor-widget-heading .elementor-heading-title.elementor-size-xxl{font-size:59px}<\/style><h1 class=\"elementor-heading-title elementor-size-default\">DGT V16 GPS Lumi\u00e8re d'urgence pour voiture Fabricant<\/h1>\t\t<\/div>\n\t\t\t\t<\/div>\n\t\t\t\t<div class=\"elementor-element elementor-element-11c995c elementor-widget elementor-widget-text-editor\" data-id=\"11c995c\" data-element_type=\"widget\" data-widget_type=\"text-editor.default\">\n\t\t\t\t<div class=\"elementor-widget-container\">\n\t\t\t<style>\/*! elementor - v3.22.0 - 26-06-2024 *\/\n.elementor-widget-text-editor.elementor-drop-cap-view-stacked .elementor-drop-cap{background-color:#69727d;color:#fff}.elementor-widget-text-editor.elementor-drop-cap-view-framed .elementor-drop-cap{color:#69727d;border:3px solid;background-color:transparent}.elementor-widget-text-editor:not(.elementor-drop-cap-view-default) .elementor-drop-cap{margin-top:8px}.elementor-widget-text-editor:not(.elementor-drop-cap-view-default) .elementor-drop-cap-letter{width:1em;height:1em}.elementor-widget-text-editor .elementor-drop-cap{float:left;text-align:center;line-height:1;font-size:50px}.elementor-widget-text-editor .elementor-drop-cap-letter{display:inline-block}<\/style>\t\t\t\t<p>Feux d'avertissement GPS pour voitures, pr\u00eats pour l'Europe, destin\u00e9s aux flottes. Compatibilit\u00e9 OEM\/ODM, fiabilit\u00e9 \u00e9prouv\u00e9e et int\u00e9gration transparente dans les r\u00e9seaux CAN\/OBD.<\/p>\t\t\t\t\t\t<\/div>\n\t\t\t\t<\/div>\n\t\t\t\t<div class=\"elementor-element elementor-element-f7876bc elementor-widget elementor-widget-text-editor\" data-id=\"f7876bc\" data-element_type=\"widget\" data-widget_type=\"text-editor.default\">\n\t\t\t\t<div class=\"elementor-widget-container\">\n\t\t\t\t\t\t\t<ul><li>Conformit\u00e9 CE, RoHS, CEM pour les flottes de l'UE<\/li><li>Pr\u00e9paration au r\u00e8glement 65 de la CEE-ONU<\/li><li>Temp\u00e9rature \u00e9tendue, conception robuste conforme \u00e0 la norme IP<\/li><li>R\u00e9seau local de soutien \u00e0 l'UE<\/li><\/ul>\t\t\t\t\t\t<\/div>\n\t\t\t\t<\/div>\n\t\t<div class=\"elementor-element elementor-element-f6b49a1 e-grid e-con-full e-con e-child\" data-id=\"f6b49a1\" data-element_type=\"container\">\n\t\t\t\t<div class=\"elementor-element elementor-element-2f0853c elementor-widget elementor-widget-button\" data-id=\"2f0853c\" data-element_type=\"widget\" data-widget_type=\"button.default\">\n\t\t\t\t<div class=\"elementor-widget-container\">\n\t\t\t\t\t<div class=\"elementor-button-wrapper\">\n\t\t\t<a class=\"elementor-button elementor-button-link elementor-size-sm\" href=\"https:\/\/dgt-v16.com\/fr\/contact\/\">\n\t\t\t\t\t\t<span class=\"elementor-button-content-wrapper\">\n\t\t\t\t\t\t\t\t\t<span class=\"elementor-button-text\">Contacter les ventes<\/span>\n\t\t\t\t\t<\/span>\n\t\t\t\t\t<\/a>\n\t\t<\/div>\n\t\t\t\t<\/div>\n\t\t\t\t<\/div>\n\t\t\t\t<div class=\"elementor-element elementor-element-729e526 elementor-widget elementor-widget-button\" data-id=\"729e526\" data-element_type=\"widget\" data-widget_type=\"button.default\">\n\t\t\t\t<div class=\"elementor-widget-container\">\n\t\t\t\t\t<div class=\"elementor-button-wrapper\">\n\t\t\t<a class=\"elementor-button elementor-button-link elementor-size-sm\" href=\"https:\/\/dgt-v16.com\/wp-content\/uploads\/2025\/09\/V16-GPS-Warning-Lamp-Proposal-Datasheet.xls\">\n\t\t\t\t\t\t<span class=\"elementor-button-content-wrapper\">\n\t\t\t\t\t\t\t\t\t<span class=\"elementor-button-text\">T\u00e9l\u00e9charger la fiche technique<\/span>\n\t\t\t\t\t<\/span>\n\t\t\t\t\t<\/a>\n\t\t<\/div>\n\t\t\t\t<\/div>\n\t\t\t\t<\/div>\n\t\t\t\t<\/div>\n\t\t\t\t<\/div>\n\t\t<div class=\"elementor-element elementor-element-1d5f48a e-con-full e-flex e-con e-child\" data-id=\"1d5f48a\" data-element_type=\"container\">\n\t\t\t\t<\/div>\n\t\t\t\t<\/div>\n\t\t<div class=\"elementor-element elementor-element-2a51029 e-con-full e-flex e-con e-parent\" data-id=\"2a51029\" data-element_type=\"container\">\n\t\t<div class=\"elementor-element elementor-element-e3a8441 e-con-full e-flex e-con e-child\" data-id=\"e3a8441\" data-element_type=\"container\">\n\t\t\t\t<div class=\"elementor-element elementor-element-0c9547e elementor-widget elementor-widget-text-editor\" data-id=\"0c9547e\" data-element_type=\"widget\" data-widget_type=\"text-editor.default\">\n\t\t\t\t<div class=\"elementor-widget-container\">\n\t\t\t\t\t\t\t<h2 data-v-md-heading=\"advantages-of-dgt-gps-warning-light\" data-v-md-line=\"1\">Avantages de la lampe d'urgence GPS pour voiture<\/h2><p data-v-md-line=\"3\">Le GPS DGT Car Warning Light est un leader du march\u00e9 de la s\u00e9curit\u00e9 des v\u00e9hicules et de la gestion du trafic, offrant plusieurs avantages cl\u00e9s :<\/p><ol data-v-md-line=\"5\"><li><p data-v-md-line=\"5\"><strong>Fiabilit\u00e9 et durabilit\u00e9<\/strong>: Fabriqu\u00e9 \u00e0 partir de mat\u00e9riaux de haute qualit\u00e9, il fonctionne efficacement dans des environnements difficiles, am\u00e9liorant ainsi la s\u00e9curit\u00e9 du v\u00e9hicule.<\/p><\/li><li><p data-v-md-line=\"7\"><strong>Technologie GPS int\u00e9gr\u00e9e<\/strong>: \u00c9quip\u00e9 d'un GPS avanc\u00e9, il permet une surveillance en temps r\u00e9el et une activation automatique, ce qui am\u00e9liore consid\u00e9rablement la s\u00e9curit\u00e9 routi\u00e8re.<\/p><\/li><li><p data-v-md-line=\"9\"><strong>Conformit\u00e9 internationale<\/strong>: Il est conforme aux normes CE, RoHS et UNECE Reg 65, ce qui garantit une s\u00e9curit\u00e9 globale et une conformit\u00e9 l\u00e9gale.<\/p><\/li><li><p data-v-md-line=\"11\"><strong>Installation et compatibilit\u00e9 faciles<\/strong>: Con\u00e7u pour une installation rapide, il est compatible avec diff\u00e9rents v\u00e9hicules et interfaces (comme CAN et OBD).<\/p><\/li><li><p data-v-md-line=\"13\"><strong>Respectueux de l'environnement et \u00e9conome en \u00e9nergie<\/strong>: Utilisant la technologie LED \u00e0 \u00e9conomie d'\u00e9nergie, il r\u00e9duit la consommation d'\u00e9nergie et l'impact sur l'environnement.<\/p><\/li><li><p data-v-md-line=\"15\"><strong>Services OEM\/ODM flexibles<\/strong>: Des options de personnalisation sont disponibles pour le marquage et la fonctionnalit\u00e9 selon les besoins du client.<\/p><\/li><\/ol><p data-v-md-line=\"17\">Gr\u00e2ce \u00e0 ces avantages, le GPS Car Emergency Light garantit une qualit\u00e9 exceptionnelle et contribue \u00e0 la s\u00e9curit\u00e9 routi\u00e8re mondiale, ce qui en fait un choix fiable pour les solutions de s\u00e9curit\u00e9.<\/p>\t\t\t\t\t\t<\/div>\n\t\t\t\t<\/div>\n\t\t\t\t<\/div>\n\t\t<div class=\"elementor-element elementor-element-8723849 e-con-full e-flex e-con e-child\" data-id=\"8723849\" data-element_type=\"container\">\n\t\t\t\t<div class=\"elementor-element elementor-element-c718db2 elementor-widget elementor-widget-video\" data-id=\"c718db2\" data-element_type=\"widget\" data-settings=\"{&quot;youtube_url&quot;:&quot;https:\\\/\\\/youtu.be\\\/MG1NXusR2Ss&quot;,&quot;video_type&quot;:&quot;youtube&quot;,&quot;controls&quot;:&quot;yes&quot;}\" data-widget_type=\"video.default\">\n\t\t\t\t<div class=\"elementor-widget-container\">\n\t\t\t<style>\/*! elementor - v3.22.0 - 26-06-2024 *\/\n.elementor-widget-video .elementor-widget-container{overflow:hidden;transform:translateZ(0)}.elementor-widget-video .elementor-wrapper{aspect-ratio:var(--video-aspect-ratio)}.elementor-widget-video .elementor-wrapper iframe,.elementor-widget-video .elementor-wrapper video{height:100%;width:100%;display:flex;border:none;background-color:#000}@supports not (aspect-ratio:1\/1){.elementor-widget-video .elementor-wrapper{position:relative;overflow:hidden;height:0;padding-bottom:calc(100% \/ var(--video-aspect-ratio))}.elementor-widget-video .elementor-wrapper iframe,.elementor-widget-video .elementor-wrapper video{position:absolute;top:0;right:0;bottom:0;left:0}}.elementor-widget-video .elementor-open-inline .elementor-custom-embed-image-overlay{position:absolute;top:0;right:0;bottom:0;left:0;background-size:cover;background-position:50%}.elementor-widget-video .elementor-custom-embed-image-overlay{cursor:pointer;text-align:center}.elementor-widget-video .elementor-custom-embed-image-overlay:hover .elementor-custom-embed-play i{opacity:1}.elementor-widget-video .elementor-custom-embed-image-overlay img{display:block;width:100%;aspect-ratio:var(--video-aspect-ratio);-o-object-fit:cover;object-fit:cover;-o-object-position:center center;object-position:center center}@supports not (aspect-ratio:1\/1){.elementor-widget-video .elementor-custom-embed-image-overlay{position:relative;overflow:hidden;height:0;padding-bottom:calc(100% \/ var(--video-aspect-ratio))}.elementor-widget-video .elementor-custom-embed-image-overlay img{position:absolute;top:0;right:0;bottom:0;left:0}}.elementor-widget-video .e-hosted-video .elementor-video{-o-object-fit:cover;object-fit:cover}.e-con-inner>.elementor-widget-video,.e-con>.elementor-widget-video{width:var(--container-widget-width);--flex-grow:var(--container-widget-flex-grow)}<\/style>\t\t<div class=\"elementor-wrapper elementor-open-inline\">\n\t\t\t<div class=\"elementor-video\"><\/div>\t\t<\/div>\n\t\t\t\t<\/div>\n\t\t\t\t<\/div>\n\t\t\t\t<\/div>\n\t\t\t\t<\/div>\n\t\t<div class=\"elementor-element elementor-element-c11c0fa e-con-full e-flex e-con e-parent\" data-id=\"c11c0fa\" data-element_type=\"container\">\n\t\t<div class=\"elementor-element elementor-element-cbbf316 e-con-full e-flex e-con e-child\" data-id=\"cbbf316\" data-element_type=\"container\">\n\t\t\t\t<div class=\"elementor-element elementor-element-b2f9828 elementor-widget elementor-widget-text-editor\" data-id=\"b2f9828\" data-element_type=\"widget\" data-widget_type=\"text-editor.default\">\n\t\t\t\t<div class=\"elementor-widget-container\">\n\t\t\t\t\t\t\t<h3>Client logistique A - 2 000+ v\u00e9hicules<\/h3><p>R\u00e9duction des incidents de s\u00e9curit\u00e9 de X%, am\u00e9lioration de la ponctualit\u00e9 des livraisons de Y%.<\/p><p><a aria-label=\"Lire l&#039;\u00e9tude de cas\">Lire l'\u00e9tude de cas<\/a><\/p>\t\t\t\t\t\t<\/div>\n\t\t\t\t<\/div>\n\t\t\t\t<\/div>\n\t\t<div class=\"elementor-element elementor-element-f0074ff e-con-full e-flex e-con e-child\" data-id=\"f0074ff\" data-element_type=\"container\">\n\t\t\t\t<div class=\"elementor-element elementor-element-f3c2d17 elementor-widget elementor-widget-text-editor\" data-id=\"f3c2d17\" data-element_type=\"widget\" data-widget_type=\"text-editor.default\">\n\t\t\t\t<div class=\"elementor-widget-container\">\n\t\t\t\t\t\t\t<h3>Transport public Client B - Itin\u00e9raires urbains<\/h3><p>Am\u00e9lioration de la responsabilisation des conducteurs et de la normalisation de la signalisation.<\/p><p>Lire l'\u00e9tude de cas<\/p>\t\t\t\t\t\t<\/div>\n\t\t\t\t<\/div>\n\t\t\t\t<\/div>\n\t\t\t\t<\/div>\n\t\t<div class=\"elementor-element elementor-element-301b974 e-con-full e-flex e-con e-parent\" data-id=\"301b974\" data-element_type=\"container\">\n\t\t\t\t<div class=\"elementor-element elementor-element-0a997aa elementor-widget elementor-widget-button\" data-id=\"0a997aa\" data-element_type=\"widget\" data-widget_type=\"button.default\">\n\t\t\t\t<div class=\"elementor-widget-container\">\n\t\t\t\t\t<div class=\"elementor-button-wrapper\">\n\t\t\t<a class=\"elementor-button elementor-button-link elementor-size-sm\" href=\"https:\/\/dgt-v16.com\/fr\/category\/blog\/\">\n\t\t\t\t\t\t<span class=\"elementor-button-content-wrapper\">\n\t\t\t\t\t\t\t\t\t<span class=\"elementor-button-text\">Voir toutes les \u00e9tudes de cas<\/span>\n\t\t\t\t\t<\/span>\n\t\t\t\t\t<\/a>\n\t\t<\/div>\n\t\t\t\t<\/div>\n\t\t\t\t<\/div>\n\t\t\t\t<\/div>\n\t\t<div class=\"elementor-element elementor-element-e095795 e-con-full e-flex e-con e-parent\" data-id=\"e095795\" data-element_type=\"container\">\n\t\t<div class=\"elementor-element elementor-element-52469cf e-con-full e-flex e-con e-child\" data-id=\"52469cf\" data-element_type=\"container\">\n\t\t\t\t<div class=\"elementor-element elementor-element-a7a1f42 elementor-widget elementor-widget-text-editor\" data-id=\"a7a1f42\" data-element_type=\"widget\" data-widget_type=\"text-editor.default\">\n\t\t\t\t<div class=\"elementor-widget-container\">\n\t\t\t\t\t\t\t<h3>Fiche technique - DGT V16 Series<\/h3><p>Sp\u00e9cifications techniques, sch\u00e9mas \u00e9lectriques<\/p>\t\t\t\t\t\t<\/div>\n\t\t\t\t<\/div>\n\t\t\t\t<div class=\"elementor-element elementor-element-8d1d141 elementor-widget elementor-widget-button\" data-id=\"8d1d141\" data-element_type=\"widget\" data-widget_type=\"button.default\">\n\t\t\t\t<div class=\"elementor-widget-container\">\n\t\t\t\t\t<div class=\"elementor-button-wrapper\">\n\t\t\t<a class=\"elementor-button elementor-button-link elementor-size-sm\" href=\"#\">\n\t\t\t\t\t\t<span class=\"elementor-button-content-wrapper\">\n\t\t\t\t\t\t\t\t\t<span class=\"elementor-button-text\">T\u00e9l\u00e9charger la fiche technique<\/span>\n\t\t\t\t\t<\/span>\n\t\t\t\t\t<\/a>\n\t\t<\/div>\n\t\t\t\t<\/div>\n\t\t\t\t<\/div>\n\t\t\t\t<\/div>\n\t\t<div class=\"elementor-element elementor-element-ecce980 e-con-full e-flex e-con e-child\" data-id=\"ecce980\" data-element_type=\"container\">\n\t\t\t\t<div class=\"elementor-element elementor-element-4b2359d elementor-widget elementor-widget-text-editor\" data-id=\"4b2359d\" data-element_type=\"widget\" data-widget_type=\"text-editor.default\">\n\t\t\t\t<div class=\"elementor-widget-container\">\n\t\t\t\t\t\t\t<h3>Documentation de l'API<\/h3><p>API XML\/JSON, exemples d'int\u00e9gration<\/p>\t\t\t\t\t\t<\/div>\n\t\t\t\t<\/div>\n\t\t\t\t<div class=\"elementor-element elementor-element-2dd5730 elementor-widget elementor-widget-button\" data-id=\"2dd5730\" data-element_type=\"widget\" data-widget_type=\"button.default\">\n\t\t\t\t<div class=\"elementor-widget-container\">\n\t\t\t\t\t<div class=\"elementor-button-wrapper\">\n\t\t\t<a class=\"elementor-button elementor-button-link elementor-size-sm\" href=\"#\">\n\t\t\t\t\t\t<span class=\"elementor-button-content-wrapper\">\n\t\t\t\t\t\t\t\t\t<span class=\"elementor-button-text\">Documentation de l'API<\/span>\n\t\t\t\t\t<\/span>\n\t\t\t\t\t<\/a>\n\t\t<\/div>\n\t\t\t\t<\/div>\n\t\t\t\t<\/div>\n\t\t\t\t<\/div>\n\t\t<div class=\"elementor-element elementor-element-6e8e6b4 e-con-full e-flex e-con e-child\" data-id=\"6e8e6b4\" data-element_type=\"container\">\n\t\t\t\t<div class=\"elementor-element elementor-element-154637f elementor-widget elementor-widget-text-editor\" data-id=\"154637f\" data-element_type=\"widget\" data-widget_type=\"text-editor.default\">\n\t\t\t\t<div class=\"elementor-widget-container\">\n\t\t\t\t\t\t\t<h3>Livre blanc - Les feux d'avertissement GPS des flottes dans l'UE<\/h3><p>Meilleures pratiques pour les flottes de l'UE<\/p>\t\t\t\t\t\t<\/div>\n\t\t\t\t<\/div>\n\t\t\t\t<div class=\"elementor-element elementor-element-f060162 elementor-widget elementor-widget-button\" data-id=\"f060162\" data-element_type=\"widget\" data-widget_type=\"button.default\">\n\t\t\t\t<div class=\"elementor-widget-container\">\n\t\t\t\t\t<div class=\"elementor-button-wrapper\">\n\t\t\t<a class=\"elementor-button elementor-button-link elementor-size-sm\" href=\"#\">\n\t\t\t\t\t\t<span class=\"elementor-button-content-wrapper\">\n\t\t\t\t\t\t\t\t\t<span class=\"elementor-button-text\">T\u00e9l\u00e9charger le livre blanc<\/span>\n\t\t\t\t\t<\/span>\n\t\t\t\t\t<\/a>\n\t\t<\/div>\n\t\t\t\t<\/div>\n\t\t\t\t<\/div>\n\t\t\t\t<\/div>\n\t\t\t\t<\/div>\n\t\t\t\t<\/div>","protected":false},"excerpt":{"rendered":"<p>DGT V16 GPS Car Emergency Light Manufacturer European-ready GPS Car warning lights for fleets. OEM\/ODM capable, proven reliability, and seamless integration with CAN\/OBD networks. CE, RoHS, EMC compliant for EU fleets UNECE Reg 65 readiness Wide temperature, rugged IP-rated design Local EU support network Contact Sales Download Datasheet Advantages of\u00a0GPS Car Emergency Light The DGT [&hellip;]<\/p>","protected":false},"author":1,"featured_media":0,"parent":0,"menu_order":0,"comment_status":"closed","ping_status":"closed","template":"elementor_header_footer","meta":{"footnotes":""},"_links":{"self":[{"href":"https:\/\/dgt-v16.com\/fr\/wp-json\/wp\/v2\/pages\/6"}],"collection":[{"href":"https:\/\/dgt-v16.com\/fr\/wp-json\/wp\/v2\/pages"}],"about":[{"href":"https:\/\/dgt-v16.com\/fr\/wp-json\/wp\/v2\/types\/page"}],"author":[{"embeddable":true,"href":"https:\/\/dgt-v16.com\/fr\/wp-json\/wp\/v2\/users\/1"}],"replies":[{"embeddable":true,"href":"https:\/\/dgt-v16.com\/fr\/wp-json\/wp\/v2\/comments?post=6"}],"version-history":[{"count":4,"href":"https:\/\/dgt-v16.com\/fr\/wp-json\/wp\/v2\/pages\/6\/revisions"}],"predecessor-version":[{"id":3886,"href":"https:\/\/dgt-v16.com\/fr\/wp-json\/wp\/v2\/pages\/6\/revisions\/3886"}],"wp:attachment":[{"href":"https:\/\/dgt-v16.com\/fr\/wp-json\/wp\/v2\/media?parent=6"}],"curies":[{"name":"wp","href":"https:\/\/api.w.org\/{rel}","templated":true}]}}