{"id":2927,"date":"2024-10-18T10:15:07","date_gmt":"2024-10-18T02:15:07","guid":{"rendered":"https:\/\/dgt-v16.com\/?page_id=2927"},"modified":"2024-10-18T10:16:00","modified_gmt":"2024-10-18T02:16:00","slug":"privacy-policy","status":"publish","type":"page","link":"https:\/\/dgt-v16.com\/hu\/adatvedelmi-szabalyzat\/","title":{"rendered":"Adatv\u00e9delmi szab\u00e1lyzat"},"content":{"rendered":"<p>&nbsp;<\/p>\n<p>[matomo_opt_out]<\/p>\n<h2><\/h2>\n<h2 class=\"wp-block-heading\">Szem\u00e9lyes adatok felhaszn\u00e1l\u00e1sa<\/h2>\n<p>Nem haszn\u00e1ljuk fel az \u00d6n \u00e1ltal megadott inform\u00e1ci\u00f3kat, amikor fi\u00f3kot regisztr\u00e1l, rendezv\u00e9nyeinken r\u00e9szt vesz, h\u00edrleveleket kap, bizonyos egy\u00e9b szolg\u00e1ltat\u00e1sokat vesz ig\u00e9nybe, vagy b\u00e1rmilyen m\u00e1s m\u00f3don r\u00e9szt vesz a WordPress ny\u00edlt forr\u00e1sk\u00f3d\u00fa projektj\u00e9ben.<\/p>\n<p>Szem\u00e9lyes adatait nem adjuk el vagy adjuk b\u00e9rbe harmadik f\u00e9lnek, kiv\u00e9ve, ha ehhez az \u00d6n enged\u00e9lye van, vagy ha erre jogszab\u00e1ly el\u0151\u00edrja.<\/p>\n<p>Szeretn\u00e9nk \u00d6nnek e-mailben marketingkommunik\u00e1ci\u00f3t k\u00fcldeni, amely id\u0151r\u0151l id\u0151re \u00e9rdekes lehet. Ha hozz\u00e1j\u00e1rult a marketinghez, k\u00e9s\u0151bb leiratkozhat.<\/p>\n<p>\u00d6nnek b\u00e1rmikor joga van megakad\u00e1lyozni, hogy marketing c\u00e9lb\u00f3l kapcsolatba l\u00e9pj\u00fcnk \u00d6nnel. Ha a tov\u00e1bbiakban nem szeretn\u00e9, hogy marketing c\u00e9lb\u00f3l felvegy\u00e9k veled a kapcsolatot, k\u00e9rj\u00fck, kattintson az e-mail alj\u00e1n tal\u00e1lhat\u00f3 leiratkoz\u00e1si linkre.<\/p>\n<h2 class=\"wp-block-heading\">A szem\u00e9lyes adatok feldolgoz\u00e1s\u00e1nak jogalapja<\/h2>\n<p>A k\u00f6vetkez\u0151 feldolgoz\u00e1si felt\u00e9telek k\u00f6z\u00fcl egy vagy t\u00f6bbre t\u00e1maszkodunk:<\/p>\n<ul class=\"wp-block-list\">\n<li>jogos \u00e9rdekeink ahhoz, hogy hat\u00e9kony inform\u00e1ci\u00f3kat \u00e9s szolg\u00e1ltat\u00e1sokat ny\u00fajtsunk \u00d6nnek;<\/li>\n<li>kifejezett hozz\u00e1j\u00e1rul\u00e1sa, amelyet \u00d6n adott;<\/li>\n<li>jogi k\u00f6telezetts\u00e9gek.<\/li>\n<\/ul>\n<h2 class=\"wp-block-heading\">Az \u00d6n adataival kapcsolatos jogok<\/h2>\n<p>El\u0151fordulhat, hogy az adatv\u00e9delmi t\u00f6rv\u00e9ny \u00e9rtelm\u00e9ben bizonyos jogai vannak az \u00d6nr\u0151l t\u00e1rolt szem\u00e9lyes adatokkal kapcsolatban. \u00d6nnek joga lehet k\u00fcl\u00f6n\u00f6sen a k\u00f6vetkez\u0151kh\u00f6z:<\/p>\n<ul class=\"wp-block-list\">\n<li>m\u00e1solatot k\u00e9rni az \u00d6nr\u0151l t\u00e1rolt szem\u00e9lyes adatokr\u00f3l;<\/li>\n<li>k\u00e9rni, hogy friss\u00edts\u00fck az \u00d6nr\u0151l t\u00e1rolt szem\u00e9lyes adatokat, vagy \u00f6n\u00e1ll\u00f3an jav\u00edtsuk ki azokat a szem\u00e9lyes adatokat, amelyeket helytelennek vagy hi\u00e1nyosnak gondol;<\/li>\n<li>k\u00e9rni, hogy t\u00f6r\u00f6lj\u00fck az \u00d6nr\u0151l t\u00e1rolt szem\u00e9lyes adatokat az \u00e9l\u0151 rendszerekb\u0151l, vagy korl\u00e1tozzuk az ilyen szem\u00e9lyes adatok felhaszn\u00e1l\u00e1s\u00e1nak m\u00f3dj\u00e1t (az arch\u00edvumb\u00f3l val\u00f3 t\u00f6rl\u00e9sr\u0151l l\u00e1sd a \u201eSzem\u00e9lyes adatok meg\u0151rz\u00e9se\u201d r\u00e9szt);<\/li>\n<li>tiltakozik az \u00d6n szem\u00e9lyes adatainak \u00e1ltalunk t\u00f6rt\u00e9n\u0151 kezel\u00e9se ellen; \u00e9s\/vagy<\/li>\n<li>visszavonja szem\u00e9lyes adatainak feldolgoz\u00e1s\u00e1hoz adott hozz\u00e1j\u00e1rul\u00e1s\u00e1t (amennyiben az ilyen feldolgoz\u00e1s hozz\u00e1j\u00e1rul\u00e1son alapul, \u00e9s a hozz\u00e1j\u00e1rul\u00e1s az egyetlen megengedhet\u0151 alap a feldolgoz\u00e1shoz).<\/li>\n<\/ul>\n<p>Ha gyakorolni szeretn\u00e9 ezeket a jogokat, vagy meg\u00e9rti, hogy ezek a jogok vonatkoznak \u00d6nre, k\u00e9rj\u00fck, k\u00f6vesse a jelen Adatv\u00e9delmi nyilatkozat v\u00e9g\u00e9n tal\u00e1lhat\u00f3 utas\u00edt\u00e1sokat.<\/p>\n<h2 class=\"wp-block-heading\">Harmadik f\u00e9l linkjei<\/h2>\n<p>Weboldalunk tartalmazhat hivatkoz\u00e1sokat olyan harmadik felek \u00e1ltal biztos\u00edtott m\u00e1s webhelyekre, amelyek nem tartoznak a mi ellen\u0151rz\u00e9s\u00fcnk al\u00e1. Amikor egy hivatkoz\u00e1st k\u00f6vet \u00e9s inform\u00e1ci\u00f3t ad meg harmadik f\u00e9l webhely\u00e9re, vegye figyelembe, hogy nem v\u00e1llalunk felel\u0151ss\u00e9get az adott harmadik f\u00e9lnek megadott adatok\u00e9rt. Ez az adatv\u00e9delmi szab\u00e1lyzat csak a jelen dokumentum elej\u00e9n felsorolt webhelyekre vonatkozik, ez\u00e9rt amikor m\u00e1s webhelyeket keres fel, m\u00e9g akkor is, ha a WordPress.org webhelyen k\u00f6zz\u00e9tett hivatkoz\u00e1sra kattint, el kell olvasnia a saj\u00e1t adatv\u00e9delmi szab\u00e1lyzatukat.<\/p>\n<h2 class=\"wp-block-heading\">\u00d6sszes\u00edtett statisztik\u00e1k<\/h2>\n<p>A WordPress.org statisztik\u00e1kat gy\u0171jthet a webhelye l\u00e1togat\u00f3inak viselked\u00e9s\u00e9r\u0151l. P\u00e9ld\u00e1ul a WordPress.org felfedheti, hogy h\u00e1nyszor t\u00f6lt\u00f6tt\u00e9k le a WordPress egy adott verzi\u00f3j\u00e1t, vagy jelent\u00e9st k\u00e9sz\u00edthet arr\u00f3l, hogy mely be\u00e9p\u00fcl\u0151 modulok a legn\u00e9pszer\u0171bbek a gy\u0171jt\u00f6tt adatok alapj\u00e1n.\u00a0<code>api.wordpress.org<\/code>, a WordPress telep\u00edt\u00e9sei \u00e1ltal haszn\u00e1lt webszolg\u00e1ltat\u00e1s a WordPress \u00e9s a be\u00e9p\u00fcl\u0151 modulok \u00faj verzi\u00f3inak ellen\u0151rz\u00e9s\u00e9re. A WordPress.org azonban a jelen szab\u00e1lyzatban le\u00edrtakon k\u00edv\u00fcl nem tesz k\u00f6zz\u00e9 szem\u00e9lyazonos\u00edt\u00e1sra alkalmas inform\u00e1ci\u00f3kat.<\/p>\n<h2 class=\"wp-block-heading\">Cookie-k<\/h2>\n<p>Ezenk\u00edv\u00fcl a weboldalunk \u00d6n \u00e1ltali haszn\u00e1lat\u00e1ra vonatkoz\u00f3 inform\u00e1ci\u00f3kat automatikusan \u201ecookie-k\u201d seg\u00edts\u00e9g\u00e9vel gy\u0171jtj\u00fck. A s\u00fctik olyan sz\u00f6veges f\u00e1jlok, amelyeket az \u00d6n sz\u00e1m\u00edt\u00f3g\u00e9p\u00e9n helyeznek el, hogy szabv\u00e1nyos internetes napl\u00f3adatokat \u00e9s l\u00e1togat\u00f3i viselked\u00e9si inform\u00e1ci\u00f3kat gy\u0171jtsenek. Ezeket az inform\u00e1ci\u00f3kat a l\u00e1togat\u00f3k webhelyhaszn\u00e1lat\u00e1nak nyomon k\u00f6vet\u00e9s\u00e9re \u00e9s statisztikai jelent\u00e9sek k\u00e9sz\u00edt\u00e9s\u00e9re haszn\u00e1ljuk fel a webhely aktivit\u00e1s\u00e1r\u00f3l.<\/p>\n<h2 class=\"wp-block-heading\">Adatv\u00e9delmi szab\u00e1lyzat v\u00e1ltoz\u00e1sai<\/h2>\n<p>B\u00e1r a legt\u00f6bb v\u00e1ltoztat\u00e1s val\u00f3sz\u00edn\u0171leg csek\u00e9ly, a WordPress.org id\u0151r\u0151l id\u0151re megv\u00e1ltoztathatja adatv\u00e9delmi szab\u00e1lyzat\u00e1t, \u00e9s a WordPress.org saj\u00e1t bel\u00e1t\u00e1sa szerint. A WordPress.org arra b\u00e1tor\u00edtja a l\u00e1togat\u00f3kat, hogy rendszeresen n\u00e9zz\u00e9k meg ezt az oldalt az adatv\u00e9delmi szab\u00e1lyzat\u00e1ban bek\u00f6vetkezett v\u00e1ltoz\u00e1sok miatt. Ha tov\u00e1bbra is haszn\u00e1lja ezt az oldalt a jelen Adatv\u00e9delmi Szab\u00e1lyzat b\u00e1rmely m\u00f3dos\u00edt\u00e1sa ut\u00e1n, az a v\u00e1ltoztat\u00e1s elfogad\u00e1s\u00e1t jelenti.<\/p>\n<p>&nbsp;<\/p>","protected":false},"excerpt":{"rendered":"<p>&nbsp; [matomo_opt_out] Szem\u00e9lyes adatok felhaszn\u00e1l\u00e1sa Nem haszn\u00e1ljuk fel az \u00d6n \u00e1ltal megadott adatokat, amikor regisztr\u00e1l egy fi\u00f3kra, r\u00e9szt vesz az esem\u00e9nyeinken, h\u00edrleveleket kap, bizonyos egy\u00e9b szolg\u00e1ltat\u00e1sokat vesz ig\u00e9nybe, vagy b\u00e1rmilyen m\u00e1s m\u00f3don r\u00e9szt vesz a WordPress ny\u00edlt forr\u00e1sk\u00f3d\u00fa projektben. Nem adjuk el vagy adjuk b\u00e9rbe az \u00d6n szem\u00e9lyes adatait harmadik f\u00e9lnek, kiv\u00e9ve, ha [...]<\/p>","protected":false},"author":1,"featured_media":0,"parent":0,"menu_order":0,"comment_status":"closed","ping_status":"closed","template":"","meta":{"footnotes":""},"_links":{"self":[{"href":"https:\/\/dgt-v16.com\/hu\/wp-json\/wp\/v2\/pages\/2927"}],"collection":[{"href":"https:\/\/dgt-v16.com\/hu\/wp-json\/wp\/v2\/pages"}],"about":[{"href":"https:\/\/dgt-v16.com\/hu\/wp-json\/wp\/v2\/types\/page"}],"author":[{"embeddable":true,"href":"https:\/\/dgt-v16.com\/hu\/wp-json\/wp\/v2\/users\/1"}],"replies":[{"embeddable":true,"href":"https:\/\/dgt-v16.com\/hu\/wp-json\/wp\/v2\/comments?post=2927"}],"version-history":[{"count":0,"href":"https:\/\/dgt-v16.com\/hu\/wp-json\/wp\/v2\/pages\/2927\/revisions"}],"wp:attachment":[{"href":"https:\/\/dgt-v16.com\/hu\/wp-json\/wp\/v2\/media?parent=2927"}],"curies":[{"name":"wp","href":"https:\/\/api.w.org\/{rel}","templated":true}]}}