{"id":6,"date":"2024-07-02T06:54:56","date_gmt":"2024-07-02T06:54:56","guid":{"rendered":"https:\/\/dgt-v16.com\/?page_id=6"},"modified":"2025-09-22T15:57:40","modified_gmt":"2025-09-22T07:57:40","slug":"home","status":"publish","type":"page","link":"https:\/\/dgt-v16.com\/hu\/","title":{"rendered":"DGT V16 GPS aut\u00f3s v\u00e9szvil\u00e1g\u00edt\u00e1s gy\u00e1rt\u00f3ja"},"content":{"rendered":"<div data-elementor-type=\"wp-page\" data-elementor-id=\"6\" class=\"elementor elementor-6\" data-elementor-post-type=\"page\">\n\t\t\t\t<div class=\"elementor-element elementor-element-739dcc6 e-con-full e-flex e-con e-parent\" data-id=\"739dcc6\" data-element_type=\"container\" data-settings=\"{&quot;background_background&quot;:&quot;gradient&quot;}\">\n\t\t<div class=\"elementor-element elementor-element-e587b46 e-con-full e-flex e-con e-child\" data-id=\"e587b46\" data-element_type=\"container\">\n\t\t\t\t<div class=\"elementor-element elementor-element-a5bf97d elementor-widget elementor-widget-image\" data-id=\"a5bf97d\" data-element_type=\"widget\" data-widget_type=\"image.default\">\n\t\t\t\t<div class=\"elementor-widget-container\">\n\t\t\t<style>\/*! elementor - v3.22.0 - 26-06-2024 *\/\n.elementor-widget-image{text-align:center}.elementor-widget-image a{display:inline-block}.elementor-widget-image a img[src$=\".svg\"]{width:48px}.elementor-widget-image img{vertical-align:middle;display:inline-block}<\/style>\t\t\t\t\t\t\t\t\t\t<img fetchpriority=\"high\" decoding=\"async\" width=\"746\" height=\"670\" src=\"https:\/\/dgt-v16.com\/wp-content\/uploads\/2025\/09\/V16.webp\" class=\"attachment-large size-large wp-image-3712\" alt=\"DGT V16 GPS figyelmeztet\u0151 l\u00e1mpa\" srcset=\"https:\/\/dgt-v16.com\/wp-content\/uploads\/2025\/09\/V16.webp 746w, https:\/\/dgt-v16.com\/wp-content\/uploads\/2025\/09\/V16-300x269.webp 300w, https:\/\/dgt-v16.com\/wp-content\/uploads\/2025\/09\/V16-13x12.webp 13w\" sizes=\"(max-width: 746px) 100vw, 746px\" \/>\t\t\t\t\t\t\t\t\t\t\t\t\t<\/div>\n\t\t\t\t<\/div>\n\t\t\t\t<\/div>\n\t\t<div class=\"elementor-element elementor-element-3824c9d e-con-full e-flex e-con e-child\" data-id=\"3824c9d\" data-element_type=\"container\">\n\t\t\t\t<div class=\"elementor-element elementor-element-23f9955 elementor-widget elementor-widget-heading\" data-id=\"23f9955\" data-element_type=\"widget\" data-widget_type=\"heading.default\">\n\t\t\t\t<div class=\"elementor-widget-container\">\n\t\t\t<style>\/*! elementor - v3.22.0 - 26-06-2024 *\/\n.elementor-heading-title{padding:0;margin:0;line-height:1}.elementor-widget-heading .elementor-heading-title[class*=elementor-size-]>a{color:inherit;font-size:inherit;line-height:inherit}.elementor-widget-heading .elementor-heading-title.elementor-size-small{font-size:15px}.elementor-widget-heading .elementor-heading-title.elementor-size-medium{font-size:19px}.elementor-widget-heading .elementor-heading-title.elementor-size-large{font-size:29px}.elementor-widget-heading .elementor-heading-title.elementor-size-xl{font-size:39px}.elementor-widget-heading .elementor-heading-title.elementor-size-xxl{font-size:59px}<\/style><h1 class=\"elementor-heading-title elementor-size-default\">DGT V16 GPS aut\u00f3s v\u00e9szvil\u00e1g\u00edt\u00e1s gy\u00e1rt\u00f3ja<\/h1>\t\t<\/div>\n\t\t\t\t<\/div>\n\t\t\t\t<div class=\"elementor-element elementor-element-11c995c elementor-widget elementor-widget-text-editor\" data-id=\"11c995c\" data-element_type=\"widget\" data-widget_type=\"text-editor.default\">\n\t\t\t\t<div class=\"elementor-widget-container\">\n\t\t\t<style>\/*! elementor - v3.22.0 - 26-06-2024 *\/\n.elementor-widget-text-editor.elementor-drop-cap-view-stacked .elementor-drop-cap{background-color:#69727d;color:#fff}.elementor-widget-text-editor.elementor-drop-cap-view-framed .elementor-drop-cap{color:#69727d;border:3px solid;background-color:transparent}.elementor-widget-text-editor:not(.elementor-drop-cap-view-default) .elementor-drop-cap{margin-top:8px}.elementor-widget-text-editor:not(.elementor-drop-cap-view-default) .elementor-drop-cap-letter{width:1em;height:1em}.elementor-widget-text-editor .elementor-drop-cap{float:left;text-align:center;line-height:1;font-size:50px}.elementor-widget-text-editor .elementor-drop-cap-letter{display:inline-block}<\/style>\t\t\t\t<p>Eur\u00f3pai szint\u0171 GPS-jelz\u0151f\u00e9nyek flott\u00e1k sz\u00e1m\u00e1ra. OEM\/ODM-k\u00e9pes, bizony\u00edtottan megb\u00edzhat\u00f3 \u00e9s z\u00f6kken\u0151mentes integr\u00e1ci\u00f3 a CAN\/OBD h\u00e1l\u00f3zatokkal.<\/p>\t\t\t\t\t\t<\/div>\n\t\t\t\t<\/div>\n\t\t\t\t<div class=\"elementor-element elementor-element-f7876bc elementor-widget elementor-widget-text-editor\" data-id=\"f7876bc\" data-element_type=\"widget\" data-widget_type=\"text-editor.default\">\n\t\t\t\t<div class=\"elementor-widget-container\">\n\t\t\t\t\t\t\t<ul><li>CE, RoHS, EMC megfelel\u00e9s az EU flott\u00e1k sz\u00e1m\u00e1ra<\/li><li>UNECE Reg 65 k\u00e9szenl\u00e9t<\/li><li>Sz\u00e9les h\u0151m\u00e9rs\u00e9klet\u0171, robusztus IP-besorol\u00e1s\u00fa kivitel<\/li><li>Helyi uni\u00f3s t\u00e1mogat\u00e1si h\u00e1l\u00f3zat<\/li><\/ul>\t\t\t\t\t\t<\/div>\n\t\t\t\t<\/div>\n\t\t<div class=\"elementor-element elementor-element-f6b49a1 e-grid e-con-full e-con e-child\" data-id=\"f6b49a1\" data-element_type=\"container\">\n\t\t\t\t<div class=\"elementor-element elementor-element-2f0853c elementor-widget elementor-widget-button\" data-id=\"2f0853c\" data-element_type=\"widget\" data-widget_type=\"button.default\">\n\t\t\t\t<div class=\"elementor-widget-container\">\n\t\t\t\t\t<div class=\"elementor-button-wrapper\">\n\t\t\t<a class=\"elementor-button elementor-button-link elementor-size-sm\" href=\"https:\/\/dgt-v16.com\/hu\/erintkezes\/\">\n\t\t\t\t\t\t<span class=\"elementor-button-content-wrapper\">\n\t\t\t\t\t\t\t\t\t<span class=\"elementor-button-text\">Kapcsolat \u00e9rt\u00e9kes\u00edt\u00e9s<\/span>\n\t\t\t\t\t<\/span>\n\t\t\t\t\t<\/a>\n\t\t<\/div>\n\t\t\t\t<\/div>\n\t\t\t\t<\/div>\n\t\t\t\t<div class=\"elementor-element elementor-element-729e526 elementor-widget elementor-widget-button\" data-id=\"729e526\" data-element_type=\"widget\" data-widget_type=\"button.default\">\n\t\t\t\t<div class=\"elementor-widget-container\">\n\t\t\t\t\t<div class=\"elementor-button-wrapper\">\n\t\t\t<a class=\"elementor-button elementor-button-link elementor-size-sm\" href=\"https:\/\/dgt-v16.com\/wp-content\/uploads\/2025\/09\/V16-GPS-Warning-Lamp-Proposal-Datasheet.xls\">\n\t\t\t\t\t\t<span class=\"elementor-button-content-wrapper\">\n\t\t\t\t\t\t\t\t\t<span class=\"elementor-button-text\">Adatlap let\u00f6lt\u00e9se<\/span>\n\t\t\t\t\t<\/span>\n\t\t\t\t\t<\/a>\n\t\t<\/div>\n\t\t\t\t<\/div>\n\t\t\t\t<\/div>\n\t\t\t\t<\/div>\n\t\t\t\t<\/div>\n\t\t<div class=\"elementor-element elementor-element-1d5f48a e-con-full e-flex e-con e-child\" data-id=\"1d5f48a\" data-element_type=\"container\">\n\t\t\t\t<\/div>\n\t\t\t\t<\/div>\n\t\t<div class=\"elementor-element elementor-element-2a51029 e-con-full e-flex e-con e-parent\" data-id=\"2a51029\" data-element_type=\"container\">\n\t\t<div class=\"elementor-element elementor-element-e3a8441 e-con-full e-flex e-con e-child\" data-id=\"e3a8441\" data-element_type=\"container\">\n\t\t\t\t<div class=\"elementor-element elementor-element-0c9547e elementor-widget elementor-widget-text-editor\" data-id=\"0c9547e\" data-element_type=\"widget\" data-widget_type=\"text-editor.default\">\n\t\t\t\t<div class=\"elementor-widget-container\">\n\t\t\t\t\t\t\t<h2 data-v-md-heading=\"advantages-of-dgt-gps-warning-light\" data-v-md-line=\"1\">A GPS Car Emergency Light el\u0151nyei<\/h2><p data-v-md-line=\"3\">A DGT GPS aut\u00f3s figyelmeztet\u0151 l\u00e1mpa piacvezet\u0151 a j\u00e1rm\u0171biztons\u00e1g \u00e9s a forgalomir\u00e1ny\u00edt\u00e1s ter\u00fclet\u00e9n, \u00e9s sz\u00e1mos kulcsfontoss\u00e1g\u00fa el\u0151nyt k\u00edn\u00e1l:<\/p><ol data-v-md-line=\"5\"><li><p data-v-md-line=\"5\"><strong>Megb\u00edzhat\u00f3s\u00e1g \u00e9s tart\u00f3ss\u00e1g<\/strong>: Kiv\u00e1l\u00f3 min\u0151s\u00e9g\u0171 anyagokb\u00f3l k\u00e9sz\u00fclt, hat\u00e9konyan m\u0171k\u00f6dik zord k\u00f6r\u00fclm\u00e9nyek k\u00f6z\u00f6tt, n\u00f6velve a j\u00e1rm\u0171 biztons\u00e1g\u00e1t.<\/p><\/li><li><p data-v-md-line=\"7\"><strong>Integr\u00e1lt GPS technol\u00f3gia<\/strong>: Fejlett GPS-szel felszerelve lehet\u0151v\u00e9 teszi a val\u00f3s idej\u0171 megfigyel\u00e9st \u00e9s az automatikus aktiv\u00e1l\u00e1st, jelent\u0151sen jav\u00edtva a k\u00f6zleked\u00e9sbiztons\u00e1got.<\/p><\/li><li><p data-v-md-line=\"9\"><strong>Nemzetk\u00f6zi megfelel\u00e9s<\/strong>: Megfelel a CE, RoHS \u00e9s UNECE Reg 65 szabv\u00e1nyoknak, biztos\u00edtva a glob\u00e1lis biztons\u00e1got \u00e9s a jogi megfelel\u0151s\u00e9get.<\/p><\/li><li><p data-v-md-line=\"11\"><strong>Egyszer\u0171 telep\u00edt\u00e9s \u00e9s kompatibilit\u00e1s<\/strong>: Gyors be\u00e1ll\u00edt\u00e1sra tervezt\u00e9k, kompatibilis a k\u00fcl\u00f6nb\u00f6z\u0151 j\u00e1rm\u0171vekkel \u00e9s interf\u00e9szekkel (p\u00e9ld\u00e1ul CAN \u00e9s OBD).<\/p><\/li><li><p data-v-md-line=\"13\"><strong>K\u00f6rnyezetbar\u00e1t \u00e9s energiahat\u00e9kony<\/strong>: Az energiatakar\u00e9kos LED-technol\u00f3gi\u00e1t alkalmazva cs\u00f6kkenti az energiafogyaszt\u00e1st \u00e9s a k\u00f6rnyezeti hat\u00e1sokat.<\/p><\/li><li><p data-v-md-line=\"15\"><strong>Rugalmas OEM\/ODM szolg\u00e1ltat\u00e1sok<\/strong>: Testreszab\u00e1si lehet\u0151s\u00e9gek \u00e1llnak rendelkez\u00e9sre a m\u00e1rka\u00e9p\u00edt\u00e9shez \u00e9s a funkcionalit\u00e1shoz az \u00fcgyf\u00e9l ig\u00e9nyei szerint.<\/p><\/li><\/ol><p data-v-md-line=\"17\">Ezekkel az el\u0151ny\u00f6kkel a GPS aut\u00f3s v\u00e9szvillog\u00f3 kiv\u00e9teles min\u0151s\u00e9get garant\u00e1l, \u00e9s hozz\u00e1j\u00e1rul a glob\u00e1lis k\u00f6z\u00fati biztons\u00e1ghoz, \u00edgy megb\u00edzhat\u00f3 v\u00e1laszt\u00e1s a biztons\u00e1gi megold\u00e1sok ter\u00e9n.<\/p>\t\t\t\t\t\t<\/div>\n\t\t\t\t<\/div>\n\t\t\t\t<\/div>\n\t\t<div class=\"elementor-element elementor-element-8723849 e-con-full e-flex e-con e-child\" data-id=\"8723849\" data-element_type=\"container\">\n\t\t\t\t<div class=\"elementor-element elementor-element-c718db2 elementor-widget elementor-widget-video\" data-id=\"c718db2\" data-element_type=\"widget\" data-settings=\"{&quot;youtube_url&quot;:&quot;https:\\\/\\\/youtu.be\\\/MG1NXusR2Ss&quot;,&quot;video_type&quot;:&quot;youtube&quot;,&quot;controls&quot;:&quot;yes&quot;}\" data-widget_type=\"video.default\">\n\t\t\t\t<div class=\"elementor-widget-container\">\n\t\t\t<style>\/*! elementor - v3.22.0 - 26-06-2024 *\/\n.elementor-widget-video .elementor-widget-container{overflow:hidden;transform:translateZ(0)}.elementor-widget-video .elementor-wrapper{aspect-ratio:var(--video-aspect-ratio)}.elementor-widget-video .elementor-wrapper iframe,.elementor-widget-video .elementor-wrapper video{height:100%;width:100%;display:flex;border:none;background-color:#000}@supports not (aspect-ratio:1\/1){.elementor-widget-video .elementor-wrapper{position:relative;overflow:hidden;height:0;padding-bottom:calc(100% \/ var(--video-aspect-ratio))}.elementor-widget-video .elementor-wrapper iframe,.elementor-widget-video .elementor-wrapper video{position:absolute;top:0;right:0;bottom:0;left:0}}.elementor-widget-video .elementor-open-inline .elementor-custom-embed-image-overlay{position:absolute;top:0;right:0;bottom:0;left:0;background-size:cover;background-position:50%}.elementor-widget-video .elementor-custom-embed-image-overlay{cursor:pointer;text-align:center}.elementor-widget-video .elementor-custom-embed-image-overlay:hover .elementor-custom-embed-play i{opacity:1}.elementor-widget-video .elementor-custom-embed-image-overlay img{display:block;width:100%;aspect-ratio:var(--video-aspect-ratio);-o-object-fit:cover;object-fit:cover;-o-object-position:center center;object-position:center center}@supports not (aspect-ratio:1\/1){.elementor-widget-video .elementor-custom-embed-image-overlay{position:relative;overflow:hidden;height:0;padding-bottom:calc(100% \/ var(--video-aspect-ratio))}.elementor-widget-video .elementor-custom-embed-image-overlay img{position:absolute;top:0;right:0;bottom:0;left:0}}.elementor-widget-video .e-hosted-video .elementor-video{-o-object-fit:cover;object-fit:cover}.e-con-inner>.elementor-widget-video,.e-con>.elementor-widget-video{width:var(--container-widget-width);--flex-grow:var(--container-widget-flex-grow)}<\/style>\t\t<div class=\"elementor-wrapper elementor-open-inline\">\n\t\t\t<div class=\"elementor-video\"><\/div>\t\t<\/div>\n\t\t\t\t<\/div>\n\t\t\t\t<\/div>\n\t\t\t\t<\/div>\n\t\t\t\t<\/div>\n\t\t<div class=\"elementor-element elementor-element-c11c0fa e-con-full e-flex e-con e-parent\" data-id=\"c11c0fa\" data-element_type=\"container\">\n\t\t<div class=\"elementor-element elementor-element-cbbf316 e-con-full e-flex e-con e-child\" data-id=\"cbbf316\" data-element_type=\"container\">\n\t\t\t\t<div class=\"elementor-element elementor-element-b2f9828 elementor-widget elementor-widget-text-editor\" data-id=\"b2f9828\" data-element_type=\"widget\" data-widget_type=\"text-editor.default\">\n\t\t\t\t<div class=\"elementor-widget-container\">\n\t\t\t\t\t\t\t<h3>Logisztikai \u00fcgyf\u00e9l A - 2,000+ j\u00e1rm\u0171<\/h3><p>A biztons\u00e1gi incidensek sz\u00e1ma X%-vel cs\u00f6kkent, az id\u0151ben t\u00f6rt\u00e9n\u0151 sz\u00e1ll\u00edt\u00e1s Y%-vel javult.<\/p><p><a aria-label=\"Esettanulm\u00e1ny olvas\u00e1sa\">Esettanulm\u00e1ny olvas\u00e1sa<\/a><\/p>\t\t\t\t\t\t<\/div>\n\t\t\t\t<\/div>\n\t\t\t\t<\/div>\n\t\t<div class=\"elementor-element elementor-element-f0074ff e-con-full e-flex e-con e-child\" data-id=\"f0074ff\" data-element_type=\"container\">\n\t\t\t\t<div class=\"elementor-element elementor-element-f3c2d17 elementor-widget elementor-widget-text-editor\" data-id=\"f3c2d17\" data-element_type=\"widget\" data-widget_type=\"text-editor.default\">\n\t\t\t\t<div class=\"elementor-widget-container\">\n\t\t\t\t\t\t\t<h3>T\u00f6megk\u00f6zleked\u00e9s B \u00fcgyf\u00e9l - V\u00e1rosi \u00fatvonalak<\/h3><p>Jav\u00edtott vezet\u0151i elsz\u00e1moltathat\u00f3s\u00e1g \u00e9s a jelz\u00e9sek szabv\u00e1nyos\u00edt\u00e1sa.<\/p><p>Esettanulm\u00e1ny olvas\u00e1sa<\/p>\t\t\t\t\t\t<\/div>\n\t\t\t\t<\/div>\n\t\t\t\t<\/div>\n\t\t\t\t<\/div>\n\t\t<div class=\"elementor-element elementor-element-301b974 e-con-full e-flex e-con e-parent\" data-id=\"301b974\" data-element_type=\"container\">\n\t\t\t\t<div class=\"elementor-element elementor-element-0a997aa elementor-widget elementor-widget-button\" data-id=\"0a997aa\" data-element_type=\"widget\" data-widget_type=\"button.default\">\n\t\t\t\t<div class=\"elementor-widget-container\">\n\t\t\t\t\t<div class=\"elementor-button-wrapper\">\n\t\t\t<a class=\"elementor-button elementor-button-link elementor-size-sm\" href=\"https:\/\/dgt-v16.com\/hu\/category\/blog\/\">\n\t\t\t\t\t\t<span class=\"elementor-button-content-wrapper\">\n\t\t\t\t\t\t\t\t\t<span class=\"elementor-button-text\">Minden esettanulm\u00e1ny megtekint\u00e9se<\/span>\n\t\t\t\t\t<\/span>\n\t\t\t\t\t<\/a>\n\t\t<\/div>\n\t\t\t\t<\/div>\n\t\t\t\t<\/div>\n\t\t\t\t<\/div>\n\t\t<div class=\"elementor-element elementor-element-e095795 e-con-full e-flex e-con e-parent\" data-id=\"e095795\" data-element_type=\"container\">\n\t\t<div class=\"elementor-element elementor-element-52469cf e-con-full e-flex e-con e-child\" data-id=\"52469cf\" data-element_type=\"container\">\n\t\t\t\t<div class=\"elementor-element elementor-element-a7a1f42 elementor-widget elementor-widget-text-editor\" data-id=\"a7a1f42\" data-element_type=\"widget\" data-widget_type=\"text-editor.default\">\n\t\t\t\t<div class=\"elementor-widget-container\">\n\t\t\t\t\t\t\t<h3>Adatlap - DGT V16 sorozat<\/h3><p>M\u0171szaki le\u00edr\u00e1sok, elektromos rajzok<\/p>\t\t\t\t\t\t<\/div>\n\t\t\t\t<\/div>\n\t\t\t\t<div class=\"elementor-element elementor-element-8d1d141 elementor-widget elementor-widget-button\" data-id=\"8d1d141\" data-element_type=\"widget\" data-widget_type=\"button.default\">\n\t\t\t\t<div class=\"elementor-widget-container\">\n\t\t\t\t\t<div class=\"elementor-button-wrapper\">\n\t\t\t<a class=\"elementor-button elementor-button-link elementor-size-sm\" href=\"#\">\n\t\t\t\t\t\t<span class=\"elementor-button-content-wrapper\">\n\t\t\t\t\t\t\t\t\t<span class=\"elementor-button-text\">Adatlap let\u00f6lt\u00e9se<\/span>\n\t\t\t\t\t<\/span>\n\t\t\t\t\t<\/a>\n\t\t<\/div>\n\t\t\t\t<\/div>\n\t\t\t\t<\/div>\n\t\t\t\t<\/div>\n\t\t<div class=\"elementor-element elementor-element-ecce980 e-con-full e-flex e-con e-child\" data-id=\"ecce980\" data-element_type=\"container\">\n\t\t\t\t<div class=\"elementor-element elementor-element-4b2359d elementor-widget elementor-widget-text-editor\" data-id=\"4b2359d\" data-element_type=\"widget\" data-widget_type=\"text-editor.default\">\n\t\t\t\t<div class=\"elementor-widget-container\">\n\t\t\t\t\t\t\t<h3>API dokument\u00e1ci\u00f3<\/h3><p>XML\/JSON API, integr\u00e1ci\u00f3s p\u00e9ld\u00e1k<\/p>\t\t\t\t\t\t<\/div>\n\t\t\t\t<\/div>\n\t\t\t\t<div class=\"elementor-element elementor-element-2dd5730 elementor-widget elementor-widget-button\" data-id=\"2dd5730\" data-element_type=\"widget\" data-widget_type=\"button.default\">\n\t\t\t\t<div class=\"elementor-widget-container\">\n\t\t\t\t\t<div class=\"elementor-button-wrapper\">\n\t\t\t<a class=\"elementor-button elementor-button-link elementor-size-sm\" href=\"#\">\n\t\t\t\t\t\t<span class=\"elementor-button-content-wrapper\">\n\t\t\t\t\t\t\t\t\t<span class=\"elementor-button-text\">API dokument\u00e1ci\u00f3<\/span>\n\t\t\t\t\t<\/span>\n\t\t\t\t\t<\/a>\n\t\t<\/div>\n\t\t\t\t<\/div>\n\t\t\t\t<\/div>\n\t\t\t\t<\/div>\n\t\t<div class=\"elementor-element elementor-element-6e8e6b4 e-con-full e-flex e-con e-child\" data-id=\"6e8e6b4\" data-element_type=\"container\">\n\t\t\t\t<div class=\"elementor-element elementor-element-154637f elementor-widget elementor-widget-text-editor\" data-id=\"154637f\" data-element_type=\"widget\" data-widget_type=\"text-editor.default\">\n\t\t\t\t<div class=\"elementor-widget-container\">\n\t\t\t\t\t\t\t<h3>Feh\u00e9r k\u00f6nyv - Flotta GPS-jelz\u0151f\u00e9nyek az EU-ban<\/h3><p>Legjobb gyakorlatok az uni\u00f3s flott\u00e1k sz\u00e1m\u00e1ra<\/p>\t\t\t\t\t\t<\/div>\n\t\t\t\t<\/div>\n\t\t\t\t<div class=\"elementor-element elementor-element-f060162 elementor-widget elementor-widget-button\" data-id=\"f060162\" data-element_type=\"widget\" data-widget_type=\"button.default\">\n\t\t\t\t<div class=\"elementor-widget-container\">\n\t\t\t\t\t<div class=\"elementor-button-wrapper\">\n\t\t\t<a class=\"elementor-button elementor-button-link elementor-size-sm\" href=\"#\">\n\t\t\t\t\t\t<span class=\"elementor-button-content-wrapper\">\n\t\t\t\t\t\t\t\t\t<span class=\"elementor-button-text\">Feh\u00e9r k\u00f6nyv let\u00f6lt\u00e9se<\/span>\n\t\t\t\t\t<\/span>\n\t\t\t\t\t<\/a>\n\t\t<\/div>\n\t\t\t\t<\/div>\n\t\t\t\t<\/div>\n\t\t\t\t<\/div>\n\t\t\t\t<\/div>\n\t\t\t\t<\/div>","protected":false},"excerpt":{"rendered":"<p>DGT V16 GPS Car Emergency Light Manufacturer European-ready GPS Car warning lights for fleets. OEM\/ODM capable, proven reliability, and seamless integration with CAN\/OBD networks. CE, RoHS, EMC compliant for EU fleets UNECE Reg 65 readiness Wide temperature, rugged IP-rated design Local EU support network Contact Sales Download Datasheet Advantages of\u00a0GPS Car Emergency Light The DGT [&hellip;]<\/p>","protected":false},"author":1,"featured_media":0,"parent":0,"menu_order":0,"comment_status":"closed","ping_status":"closed","template":"elementor_header_footer","meta":{"footnotes":""},"_links":{"self":[{"href":"https:\/\/dgt-v16.com\/hu\/wp-json\/wp\/v2\/pages\/6"}],"collection":[{"href":"https:\/\/dgt-v16.com\/hu\/wp-json\/wp\/v2\/pages"}],"about":[{"href":"https:\/\/dgt-v16.com\/hu\/wp-json\/wp\/v2\/types\/page"}],"author":[{"embeddable":true,"href":"https:\/\/dgt-v16.com\/hu\/wp-json\/wp\/v2\/users\/1"}],"replies":[{"embeddable":true,"href":"https:\/\/dgt-v16.com\/hu\/wp-json\/wp\/v2\/comments?post=6"}],"version-history":[{"count":4,"href":"https:\/\/dgt-v16.com\/hu\/wp-json\/wp\/v2\/pages\/6\/revisions"}],"predecessor-version":[{"id":3886,"href":"https:\/\/dgt-v16.com\/hu\/wp-json\/wp\/v2\/pages\/6\/revisions\/3886"}],"wp:attachment":[{"href":"https:\/\/dgt-v16.com\/hu\/wp-json\/wp\/v2\/media?parent=6"}],"curies":[{"name":"wp","href":"https:\/\/api.w.org\/{rel}","templated":true}]}}