{"id":1059,"date":"2024-07-08T01:16:49","date_gmt":"2024-07-08T01:16:49","guid":{"rendered":"https:\/\/dgt-v16.com\/?page_id=1059"},"modified":"2025-09-22T16:03:18","modified_gmt":"2025-09-22T08:03:18","slug":"catalog","status":"publish","type":"page","link":"https:\/\/dgt-v16.com\/it\/catalogare\/","title":{"rendered":"V16 Car Emergency Light Catalogo, PPt, PDF, Modello 3D Download"},"content":{"rendered":"<div data-elementor-type=\"wp-page\" data-elementor-id=\"1059\" class=\"elementor elementor-1059\" data-elementor-post-type=\"page\">\n\t\t\t\t<div class=\"elementor-element elementor-element-8c60185 e-flex e-con-boxed e-con e-parent\" data-id=\"8c60185\" data-element_type=\"container\" data-settings=\"{&quot;background_background&quot;:&quot;classic&quot;}\">\n\t\t\t\t\t<div class=\"e-con-inner\">\n\t\t<div class=\"elementor-element elementor-element-124ef88 e-con-full e-flex e-con e-child\" data-id=\"124ef88\" data-element_type=\"container\">\n\t\t\t\t<div class=\"elementor-element elementor-element-f45e424 elementor-widget elementor-widget-heading\" data-id=\"f45e424\" data-element_type=\"widget\" data-widget_type=\"heading.default\">\n\t\t\t\t<div class=\"elementor-widget-container\">\n\t\t\t<style>\/*! elementor - v3.22.0 - 26-06-2024 *\/\n.elementor-heading-title{padding:0;margin:0;line-height:1}.elementor-widget-heading .elementor-heading-title[class*=elementor-size-]>a{color:inherit;font-size:inherit;line-height:inherit}.elementor-widget-heading .elementor-heading-title.elementor-size-small{font-size:15px}.elementor-widget-heading .elementor-heading-title.elementor-size-medium{font-size:19px}.elementor-widget-heading .elementor-heading-title.elementor-size-large{font-size:29px}.elementor-widget-heading .elementor-heading-title.elementor-size-xl{font-size:39px}.elementor-widget-heading .elementor-heading-title.elementor-size-xxl{font-size:59px}<\/style><h2 class=\"elementor-heading-title elementor-size-default\">Tutti<br>\nCATALOGO 2025 <br>\nVersione 1<\/h2>\t\t<\/div>\n\t\t\t\t<\/div>\n\t\t\t\t<div class=\"elementor-element elementor-element-f0198e6 elementor-widget elementor-widget-text-editor\" data-id=\"f0198e6\" data-element_type=\"widget\" data-widget_type=\"text-editor.default\">\n\t\t\t\t<div class=\"elementor-widget-container\">\n\t\t\t<style>\/*! elementor - v3.22.0 - 26-06-2024 *\/\n.elementor-widget-text-editor.elementor-drop-cap-view-stacked .elementor-drop-cap{background-color:#69727d;color:#fff}.elementor-widget-text-editor.elementor-drop-cap-view-framed .elementor-drop-cap{color:#69727d;border:3px solid;background-color:transparent}.elementor-widget-text-editor:not(.elementor-drop-cap-view-default) .elementor-drop-cap{margin-top:8px}.elementor-widget-text-editor:not(.elementor-drop-cap-view-default) .elementor-drop-cap-letter{width:1em;height:1em}.elementor-widget-text-editor .elementor-drop-cap{float:left;text-align:center;line-height:1;font-size:50px}.elementor-widget-text-editor .elementor-drop-cap-letter{display:inline-block}<\/style>\t\t\t\t<div>Questo catalogo copre tutto ci\u00f2 che devi sapere che <a href=\"https:\/\/dgt-v16.com\/it\/macchina-per-la-pulizia-dei-pannelli-solari\/\">V16 Lampada di segnalazione GPS<\/a>\u00a0dai prodotti alle modalit\u00e0 di utilizzo.<\/div>\t\t\t\t\t\t<\/div>\n\t\t\t\t<\/div>\n\t\t\t\t<\/div>\n\t\t<div class=\"elementor-element elementor-element-a2a8ea7 e-con-full e-flex e-con e-child\" data-id=\"a2a8ea7\" data-element_type=\"container\">\n\t\t\t\t<div class=\"elementor-element elementor-element-7a619c4 elementor-widget elementor-widget-image\" data-id=\"7a619c4\" data-element_type=\"widget\" data-widget_type=\"image.default\">\n\t\t\t\t<div class=\"elementor-widget-container\">\n\t\t\t<style>\/*! elementor - v3.22.0 - 26-06-2024 *\/\n.elementor-widget-image{text-align:center}.elementor-widget-image a{display:inline-block}.elementor-widget-image a img[src$=\".svg\"]{width:48px}.elementor-widget-image img{vertical-align:middle;display:inline-block}<\/style>\t\t\t\t\t\t\t\t\t\t<img fetchpriority=\"high\" decoding=\"async\" width=\"1886\" height=\"2560\" src=\"https:\/\/dgt-v16.com\/wp-content\/uploads\/2025\/09\/7877596-scaled.jpg\" class=\"attachment-full size-full wp-image-3862\" alt=\"Luce di emergenza per auto DGT GPS Approved V16\" srcset=\"https:\/\/dgt-v16.com\/wp-content\/uploads\/2025\/09\/7877596-scaled.jpg 1886w, https:\/\/dgt-v16.com\/wp-content\/uploads\/2025\/09\/7877596-221x300.jpg 221w, https:\/\/dgt-v16.com\/wp-content\/uploads\/2025\/09\/7877596-754x1024.jpg 754w, https:\/\/dgt-v16.com\/wp-content\/uploads\/2025\/09\/7877596-768x1042.jpg 768w, https:\/\/dgt-v16.com\/wp-content\/uploads\/2025\/09\/7877596-1132x1536.jpg 1132w, https:\/\/dgt-v16.com\/wp-content\/uploads\/2025\/09\/7877596-1509x2048.jpg 1509w, https:\/\/dgt-v16.com\/wp-content\/uploads\/2025\/09\/7877596-9x12.jpg 9w\" sizes=\"(max-width: 1886px) 100vw, 1886px\" \/>\t\t\t\t\t\t\t\t\t\t\t\t\t<\/div>\n\t\t\t\t<\/div>\n\t\t\t\t<\/div>\n\t\t\t\t\t<\/div>\n\t\t\t\t<\/div>\n\t\t<div class=\"elementor-element elementor-element-98def5b e-flex e-con-boxed e-con e-parent\" data-id=\"98def5b\" data-element_type=\"container\" data-settings=\"{&quot;background_background&quot;:&quot;gradient&quot;}\">\n\t\t\t\t\t<div class=\"e-con-inner\">\n\t\t<div class=\"elementor-element elementor-element-f042aae e-con-full e-flex e-con e-child\" data-id=\"f042aae\" data-element_type=\"container\">\n\t\t\t\t<div class=\"elementor-element elementor-element-01a4f35 elementor-widget elementor-widget-heading\" data-id=\"01a4f35\" data-element_type=\"widget\" data-widget_type=\"heading.default\">\n\t\t\t\t<div class=\"elementor-widget-container\">\n\t\t\t<h2 class=\"elementor-heading-title elementor-size-default\">Compila il modulo sottostante per ricevere il catalogo Todos<\/h2>\t\t<\/div>\n\t\t\t\t<\/div>\n\t\t\t\t<div class=\"elementor-element elementor-element-2221e74 elementor-widget elementor-widget-text-editor\" data-id=\"2221e74\" data-element_type=\"widget\" data-widget_type=\"text-editor.default\">\n\t\t\t\t<div class=\"elementor-widget-container\">\n\t\t\t\t\t\t\t<p>Il catalogo vi terr\u00e0 aggiornati sui nuovi prodotti, progetti ed eventi.<\/p>\t\t\t\t\t\t<\/div>\n\t\t\t\t<\/div>\n\t\t\t\t<div class=\"elementor-element elementor-element-c5efefe elementor-button-align-stretch elementor-widget elementor-widget-form\" data-id=\"c5efefe\" data-element_type=\"widget\" data-settings=\"{&quot;step_next_label&quot;:&quot;Next&quot;,&quot;step_previous_label&quot;:&quot;Previous&quot;,&quot;button_width&quot;:&quot;100&quot;,&quot;step_type&quot;:&quot;number_text&quot;,&quot;step_icon_shape&quot;:&quot;circle&quot;}\" data-widget_type=\"form.default\">\n\t\t\t\t<div class=\"elementor-widget-container\">\n\t\t\t<style>\/*! elementor-pro - v3.21.0 - 20-05-2024 *\/\n.elementor-button.elementor-hidden,.elementor-hidden{display:none}.e-form__step{width:100%}.e-form__step:not(.elementor-hidden){display:flex;flex-wrap:wrap}.e-form__buttons{flex-wrap:wrap}.e-form__buttons,.e-form__buttons__wrapper{display:flex}.e-form__indicators{display:flex;justify-content:space-between;align-items:center;flex-wrap:nowrap;font-size:13px;margin-bottom:var(--e-form-steps-indicators-spacing)}.e-form__indicators__indicator{display:flex;flex-direction:column;align-items:center;justify-content:center;flex-basis:0;padding:0 var(--e-form-steps-divider-gap)}.e-form__indicators__indicator__progress{width:100%;position:relative;background-color:var(--e-form-steps-indicator-progress-background-color);border-radius:var(--e-form-steps-indicator-progress-border-radius);overflow:hidden}.e-form__indicators__indicator__progress__meter{width:var(--e-form-steps-indicator-progress-meter-width,0);height:var(--e-form-steps-indicator-progress-height);line-height:var(--e-form-steps-indicator-progress-height);padding-right:15px;border-radius:var(--e-form-steps-indicator-progress-border-radius);background-color:var(--e-form-steps-indicator-progress-color);color:var(--e-form-steps-indicator-progress-meter-color);text-align:right;transition:width .1s linear}.e-form__indicators__indicator:first-child{padding-left:0}.e-form__indicators__indicator:last-child{padding-right:0}.e-form__indicators__indicator--state-inactive{color:var(--e-form-steps-indicator-inactive-primary-color,#c2cbd2)}.e-form__indicators__indicator--state-inactive [class*=indicator--shape-]:not(.e-form__indicators__indicator--shape-none){background-color:var(--e-form-steps-indicator-inactive-secondary-color,#fff)}.e-form__indicators__indicator--state-inactive object,.e-form__indicators__indicator--state-inactive svg{fill:var(--e-form-steps-indicator-inactive-primary-color,#c2cbd2)}.e-form__indicators__indicator--state-active{color:var(--e-form-steps-indicator-active-primary-color,#39b54a);border-color:var(--e-form-steps-indicator-active-secondary-color,#fff)}.e-form__indicators__indicator--state-active [class*=indicator--shape-]:not(.e-form__indicators__indicator--shape-none){background-color:var(--e-form-steps-indicator-active-secondary-color,#fff)}.e-form__indicators__indicator--state-active object,.e-form__indicators__indicator--state-active svg{fill:var(--e-form-steps-indicator-active-primary-color,#39b54a)}.e-form__indicators__indicator--state-completed{color:var(--e-form-steps-indicator-completed-secondary-color,#fff)}.e-form__indicators__indicator--state-completed [class*=indicator--shape-]:not(.e-form__indicators__indicator--shape-none){background-color:var(--e-form-steps-indicator-completed-primary-color,#39b54a)}.e-form__indicators__indicator--state-completed .e-form__indicators__indicator__label{color:var(--e-form-steps-indicator-completed-primary-color,#39b54a)}.e-form__indicators__indicator--state-completed .e-form__indicators__indicator--shape-none{color:var(--e-form-steps-indicator-completed-primary-color,#39b54a);background-color:initial}.e-form__indicators__indicator--state-completed object,.e-form__indicators__indicator--state-completed svg{fill:var(--e-form-steps-indicator-completed-secondary-color,#fff)}.e-form__indicators__indicator__icon{width:var(--e-form-steps-indicator-padding,30px);height:var(--e-form-steps-indicator-padding,30px);font-size:var(--e-form-steps-indicator-icon-size);border-width:1px;border-style:solid;display:flex;justify-content:center;align-items:center;overflow:hidden;margin-bottom:10px}.e-form__indicators__indicator__icon img,.e-form__indicators__indicator__icon object,.e-form__indicators__indicator__icon svg{width:var(--e-form-steps-indicator-icon-size);height:auto}.e-form__indicators__indicator__icon .e-font-icon-svg{height:1em}.e-form__indicators__indicator__number{width:var(--e-form-steps-indicator-padding,30px);height:var(--e-form-steps-indicator-padding,30px);border-width:1px;border-style:solid;display:flex;justify-content:center;align-items:center;margin-bottom:10px}.e-form__indicators__indicator--shape-circle{border-radius:50%}.e-form__indicators__indicator--shape-square{border-radius:0}.e-form__indicators__indicator--shape-rounded{border-radius:5px}.e-form__indicators__indicator--shape-none{border:0}.e-form__indicators__indicator__label{text-align:center}.e-form__indicators__indicator__separator{width:100%;height:var(--e-form-steps-divider-width);background-color:#babfc5}.e-form__indicators--type-icon,.e-form__indicators--type-icon_text,.e-form__indicators--type-number,.e-form__indicators--type-number_text{align-items:flex-start}.e-form__indicators--type-icon .e-form__indicators__indicator__separator,.e-form__indicators--type-icon_text .e-form__indicators__indicator__separator,.e-form__indicators--type-number .e-form__indicators__indicator__separator,.e-form__indicators--type-number_text .e-form__indicators__indicator__separator{margin-top:calc(var(--e-form-steps-indicator-padding, 30px) \/ 2 - var(--e-form-steps-divider-width, 1px) \/ 2)}.elementor-field-type-hidden{display:none}.elementor-field-type-html{display:inline-block}.elementor-field-type-tel input{direction:inherit}.elementor-login .elementor-lost-password,.elementor-login .elementor-remember-me{font-size:.85em}.elementor-field-type-recaptcha_v3 .elementor-field-label{display:none}.elementor-field-type-recaptcha_v3 .grecaptcha-badge{z-index:1}.elementor-button .elementor-form-spinner{order:3}.elementor-form .elementor-button>span{display:flex;justify-content:center;align-items:center}.elementor-form .elementor-button .elementor-button-text{white-space:normal;flex-grow:0}.elementor-form .elementor-button svg{height:auto}.elementor-form .elementor-button .e-font-icon-svg{height:1em}.elementor-select-wrapper .select-caret-down-wrapper{position:absolute;top:50%;transform:translateY(-50%);inset-inline-end:10px;pointer-events:none;font-size:11px}.elementor-select-wrapper .select-caret-down-wrapper svg{display:unset;width:1em;aspect-ratio:unset;fill:currentColor}.elementor-select-wrapper .select-caret-down-wrapper i{font-size:19px;line-height:2}.elementor-select-wrapper.remove-before:before{content:\"\"!important}<\/style>\t\t<form class=\"elementor-form\" method=\"post\" name=\"New Form\" action=\"\">\n\t\t\t<input type=\"hidden\" name=\"post_id\" value=\"1059\"\/>\n\t\t\t<input type=\"hidden\" name=\"form_id\" value=\"c5efefe\"\/>\n\t\t\t<input type=\"hidden\" name=\"referer_title\" value=\"\" \/>\n\n\t\t\t\n\t\t\t<div class=\"elementor-form-fields-wrapper elementor-labels-above\">\n\t\t\t\t\t\t\t\t<div class=\"elementor-field-type-text elementor-field-group elementor-column elementor-field-group-name elementor-col-100\">\n\t\t\t\t\t\t\t\t\t\t\t\t<label for=\"form-field-name\" class=\"elementor-field-label\">\n\t\t\t\t\t\t\t\tNome\t\t\t\t\t\t\t<\/label>\n\t\t\t\t\t\t\t\t\t\t\t\t\t\t<input size=\"1\" type=\"text\" name=\"form_fields[name]\" id=\"form-field-name\" class=\"elementor-field elementor-size-sm  elementor-field-textual\">\n\t\t\t\t\t\t\t\t\t\t\t<\/div>\n\t\t\t\t\t\t\t\t<div class=\"elementor-field-type-email elementor-field-group elementor-column elementor-field-group-email elementor-col-100 elementor-field-required elementor-mark-required\">\n\t\t\t\t\t\t\t\t\t\t\t\t<label for=\"form-field-email\" class=\"elementor-field-label\">\n\t\t\t\t\t\t\t\tE-mail\t\t\t\t\t\t\t<\/label>\n\t\t\t\t\t\t\t\t\t\t\t\t\t\t<input size=\"1\" type=\"email\" name=\"form_fields[email]\" id=\"form-field-email\" class=\"elementor-field elementor-size-sm  elementor-field-textual\" required=\"required\" aria-required=\"true\">\n\t\t\t\t\t\t\t\t\t\t\t<\/div>\n\t\t\t\t\t\t\t\t<div class=\"elementor-field-type-textarea elementor-field-group elementor-column elementor-field-group-message elementor-col-100\">\n\t\t\t\t\t\t\t\t\t\t\t\t<label for=\"form-field-message\" class=\"elementor-field-label\">\n\t\t\t\t\t\t\t\tMessaggio\t\t\t\t\t\t\t<\/label>\n\t\t\t\t\t\t<textarea class=\"elementor-field-textual elementor-field  elementor-size-sm\" name=\"form_fields[message]\" id=\"form-field-message\" rows=\"4\"><\/textarea>\t\t\t\t<\/div>\n\t\t\t\t\t\t\t\t<div class=\"elementor-field-type-radio elementor-field-group elementor-column elementor-field-group-field_7077716 elementor-col-100 elementor-field-required elementor-mark-required\">\n\t\t\t\t\t\t\t\t\t\t\t\t<label for=\"form-field-field_7077716\" class=\"elementor-field-label\">\n\t\t\t\t\t\t\t\tLa tua identit\u00e0\t\t\t\t\t\t\t<\/label>\n\t\t\t\t\t\t<div class=\"elementor-field-subgroup  elementor-subgroup-inline\"><span class=\"elementor-field-option\"><input type=\"radio\" value=\"Project\" id=\"form-field-field_7077716-0\" name=\"form_fields[field_7077716]\" required=\"required\" aria-required=\"true\"> <label for=\"form-field-field_7077716-0\">Progetto<\/label><\/span><span class=\"elementor-field-option\"><input type=\"radio\" value=\"ODM\" id=\"form-field-field_7077716-1\" name=\"form_fields[field_7077716]\" required=\"required\" aria-required=\"true\"> <label for=\"form-field-field_7077716-1\">ODM<\/label><\/span><span class=\"elementor-field-option\"><input type=\"radio\" value=\"Distributor\" id=\"form-field-field_7077716-2\" name=\"form_fields[field_7077716]\" required=\"required\" aria-required=\"true\"> <label for=\"form-field-field_7077716-2\">Distributore<\/label><\/span><span class=\"elementor-field-option\"><input type=\"radio\" value=\"Others\" id=\"form-field-field_7077716-3\" name=\"form_fields[field_7077716]\" required=\"required\" aria-required=\"true\"> <label for=\"form-field-field_7077716-3\">Altri<\/label><\/span><\/div>\t\t\t\t<\/div>\n\t\t\t\t\t\t\t\t<div class=\"elementor-field-type-text\">\n\t\t\t\t\t<input size=\"1\" type=\"text\" name=\"form_fields[field_5dffc1d]\" id=\"form-field-field_5dffc1d\" class=\"elementor-field elementor-size-sm\" style=\"display:none !important;\">\t\t\t\t<\/div>\n\t\t\t\t\t\t\t\t<div class=\"elementor-field-type-hidden elementor-field-group elementor-column elementor-field-group-user_location elementor-col-100\">\n\t\t\t\t\t\t\t\t\t\t\t\t\t<input size=\"1\" type=\"hidden\" name=\"form_fields[user_location]\" id=\"form-field-user_location\" class=\"elementor-field elementor-size-sm  elementor-field-textual\" value=\"&lt;span class=&quot;user-ip-placeholder&quot; data-type=&quot;country&quot;&gt;&lt;\/span&gt;\">\n\t\t\t\t\t\t\t\t\t\t\t<\/div>\n\t\t\t\t\t\t\t\t<div class=\"elementor-field-group elementor-column elementor-field-type-submit elementor-col-100 e-form__buttons\">\n\t\t\t\t\t<button type=\"submit\" class=\"elementor-button elementor-size-sm\">\n\t\t\t\t\t\t<span >\n\t\t\t\t\t\t\t\t\t\t\t\t\t\t\t<span class=\"elementor-button-icon\">\n\t\t\t\t\t\t\t\t\t\t\t\t\t\t\t\t\t\t\t\t\t\t\t\t\t\t<\/span>\n\t\t\t\t\t\t\t\t\t\t\t\t\t\t\t\t\t\t\t\t\t\t<span class=\"elementor-button-text\">Inviare<\/span>\n\t\t\t\t\t\t\t\t\t\t\t\t\t<\/span>\n\t\t\t\t\t<\/button>\n\t\t\t\t<\/div>\n\t\t\t<\/div>\n\t\t<input type=\"hidden\" name=\"trp-form-language\" value=\"it\"\/><\/form>\n\t\t\t\t<\/div>\n\t\t\t\t<\/div>\n\t\t\t\t<\/div>\n\t\t<div class=\"elementor-element elementor-element-2560049 e-con-full elementor-hidden-mobile e-flex e-con e-child\" data-id=\"2560049\" data-element_type=\"container\">\n\t\t\t\t<div class=\"elementor-element elementor-element-174cc42 elementor-widget elementor-widget-image\" data-id=\"174cc42\" data-element_type=\"widget\" data-widget_type=\"image.default\">\n\t\t\t\t<div class=\"elementor-widget-container\">\n\t\t\t\t\t\t\t\t\t\t\t\t\t<img decoding=\"async\" width=\"1886\" height=\"2560\" src=\"https:\/\/dgt-v16.com\/wp-content\/uploads\/2025\/09\/7877597-scaled.jpg\" class=\"attachment-full size-full wp-image-3863\" alt=\"Luce di emergenza per auto DGT GPS Approved V16\" srcset=\"https:\/\/dgt-v16.com\/wp-content\/uploads\/2025\/09\/7877597-scaled.jpg 1886w, https:\/\/dgt-v16.com\/wp-content\/uploads\/2025\/09\/7877597-221x300.jpg 221w, https:\/\/dgt-v16.com\/wp-content\/uploads\/2025\/09\/7877597-754x1024.jpg 754w, https:\/\/dgt-v16.com\/wp-content\/uploads\/2025\/09\/7877597-768x1042.jpg 768w, https:\/\/dgt-v16.com\/wp-content\/uploads\/2025\/09\/7877597-1132x1536.jpg 1132w, https:\/\/dgt-v16.com\/wp-content\/uploads\/2025\/09\/7877597-1509x2048.jpg 1509w, https:\/\/dgt-v16.com\/wp-content\/uploads\/2025\/09\/7877597-9x12.jpg 9w\" sizes=\"(max-width: 1886px) 100vw, 1886px\" \/>\t\t\t\t\t\t\t\t\t\t\t\t\t<\/div>\n\t\t\t\t<\/div>\n\t\t\t\t<\/div>\n\t\t\t\t\t<\/div>\n\t\t\t\t<\/div>\n\t\t<div class=\"elementor-element elementor-element-09ef61d e-flex e-con-boxed e-con e-parent\" data-id=\"09ef61d\" data-element_type=\"container\">\n\t\t\t\t\t<div class=\"e-con-inner\">\n\t\t\t\t<div class=\"elementor-element elementor-element-7632e7f elementor-widget elementor-widget-heading\" data-id=\"7632e7f\" data-element_type=\"widget\" id=\"FileDownload\u200b\" data-widget_type=\"heading.default\">\n\t\t\t\t<div class=\"elementor-widget-container\">\n\t\t\t<h2 class=\"elementor-heading-title elementor-size-default\">Scarica il file<\/h2>\t\t<\/div>\n\t\t\t\t<\/div>\n\t\t\t\t\t<\/div>\n\t\t\t\t<\/div>\n\t\t<div class=\"elementor-element elementor-element-b35af2a e-flex e-con-boxed e-con e-parent\" data-id=\"b35af2a\" data-element_type=\"container\">\n\t\t\t\t\t<div class=\"e-con-inner\">\n\t\t<div class=\"elementor-element elementor-element-085031a e-con-full e-flex e-con e-child\" data-id=\"085031a\" data-element_type=\"container\">\n\t\t\t\t<div class=\"elementor-element elementor-element-dd78c21 elementor-widget elementor-widget-text-editor\" data-id=\"dd78c21\" data-element_type=\"widget\" data-widget_type=\"text-editor.default\">\n\t\t\t\t<div class=\"elementor-widget-container\">\n\t\t\t\t\t\t\t<div><a href=\"https:\/\/dgt-v16.com\/wp-content\/uploads\/2025\/09\/V16-GPS-Warning-Lamp-Proposal-Datasheet.pdf\">Scheda tecnica della proposta di lampada di segnalazione GPS V16<\/a><\/div>\t\t\t\t\t\t<\/div>\n\t\t\t\t<\/div>\n\t\t\t\t<\/div>\n\t\t<div class=\"elementor-element elementor-element-fc2bf48 e-con-full e-flex e-con e-child\" data-id=\"fc2bf48\" data-element_type=\"container\">\n\t\t\t\t<\/div>\n\t\t\t\t\t<\/div>\n\t\t\t\t<\/div>\n\t\t\t\t<\/div>","protected":false},"excerpt":{"rendered":"<p>Todos CATALOG 2025 V1 Questo catalogo copre tutto ci\u00f2 che c'\u00e8 da sapere sulla lampada di segnalazione GPS V16, dai prodotti alle modalit\u00e0 di utilizzo. Compilate il modulo sottostante per ricevere il catalogo Todos Il catalogo vi terr\u00e0 aggiornati su nuovi prodotti, progetti ed eventi. File Download Scheda tecnica della proposta di lampada di segnalazione GPS V16<\/p>","protected":false},"author":1,"featured_media":0,"parent":0,"menu_order":0,"comment_status":"closed","ping_status":"closed","template":"elementor_header_footer","meta":{"footnotes":""},"_links":{"self":[{"href":"https:\/\/dgt-v16.com\/it\/wp-json\/wp\/v2\/pages\/1059"}],"collection":[{"href":"https:\/\/dgt-v16.com\/it\/wp-json\/wp\/v2\/pages"}],"about":[{"href":"https:\/\/dgt-v16.com\/it\/wp-json\/wp\/v2\/types\/page"}],"author":[{"embeddable":true,"href":"https:\/\/dgt-v16.com\/it\/wp-json\/wp\/v2\/users\/1"}],"replies":[{"embeddable":true,"href":"https:\/\/dgt-v16.com\/it\/wp-json\/wp\/v2\/comments?post=1059"}],"version-history":[{"count":4,"href":"https:\/\/dgt-v16.com\/it\/wp-json\/wp\/v2\/pages\/1059\/revisions"}],"predecessor-version":[{"id":3890,"href":"https:\/\/dgt-v16.com\/it\/wp-json\/wp\/v2\/pages\/1059\/revisions\/3890"}],"wp:attachment":[{"href":"https:\/\/dgt-v16.com\/it\/wp-json\/wp\/v2\/media?parent=1059"}],"curies":[{"name":"wp","href":"https:\/\/api.w.org\/{rel}","templated":true}]}}