{"id":2927,"date":"2024-10-18T10:15:07","date_gmt":"2024-10-18T02:15:07","guid":{"rendered":"https:\/\/dgt-v16.com\/?page_id=2927"},"modified":"2024-10-18T10:16:00","modified_gmt":"2024-10-18T02:16:00","slug":"privacy-policy","status":"publish","type":"page","link":"https:\/\/dgt-v16.com\/it\/politica-sulla-riservatezza\/","title":{"rendered":"Politica sulla riservatezza"},"content":{"rendered":"<p>&nbsp;<\/p>\n<p>[matomo_opt_out]<\/p>\n<h2><\/h2>\n<h2 class=\"wp-block-heading\">Utilizzo delle informazioni personali<\/h2>\n<p>Non utilizzeremo in nessun altro modo le informazioni che ci fornisci quando registri un account, partecipi ai nostri eventi, ricevi newsletter, utilizzi determinati altri servizi o partecipi al progetto open source WordPress.<\/p>\n<p>Non venderemo n\u00e9 cederemo in affitto i tuoi dati personali a terzi, a meno che non abbiamo il tuo permesso o siamo tenuti a farlo per legge.<\/p>\n<p>Vorremmo inviarti periodicamente comunicazioni di marketing via email che potrebbero interessarti. Se hai acconsentito al marketing, potrai revocare il consenso in seguito.<\/p>\n<p>Hai il diritto in qualsiasi momento di impedirci di contattarti per finalit\u00e0 di marketing. Se non desideri pi\u00f9 essere contattato per finalit\u00e0 di marketing, clicca sul link di annullamento dell&#039;iscrizione in fondo all&#039;email.<\/p>\n<h2 class=\"wp-block-heading\">Basi giuridiche per il trattamento dei dati personali<\/h2>\n<p>Ci affidiamo a una o pi\u00f9 delle seguenti condizioni di elaborazione:<\/p>\n<ul class=\"wp-block-list\">\n<li>i nostri legittimi interessi nella fornitura efficace di informazioni e servizi all&#039;utente;<\/li>\n<li>consenso esplicito da te prestato;<\/li>\n<li>obblighi di legge.<\/li>\n<\/ul>\n<h2 class=\"wp-block-heading\">Diritti relativi alle tue informazioni<\/h2>\n<p>Potresti godere di determinati diritti ai sensi della legge sulla protezione dei dati in relazione ai tuoi dati personali in nostro possesso. In particolare, potresti avere il diritto di:<\/p>\n<ul class=\"wp-block-list\">\n<li>richiedere una copia delle informazioni personali che conserviamo su di te;<\/li>\n<li>chiederci di aggiornare le informazioni personali che conserviamo su di te o di correggere autonomamente le informazioni personali che ritieni siano errate o incomplete;<\/li>\n<li>chiederci di cancellare dai sistemi live le informazioni personali che ti riguardano o di limitare il modo in cui utilizziamo tali informazioni personali (per informazioni sulla cancellazione dagli archivi, vedere la sezione &quot;Conservazione delle informazioni personali&quot;);<\/li>\n<li>opporti al trattamento dei tuoi dati personali; e\/o<\/li>\n<li>revocare il consenso al trattamento dei tuoi dati personali (nella misura in cui tale trattamento \u00e8 basato sul consenso e il consenso \u00e8 l&#039;unica base ammissibile per il trattamento).<\/li>\n<\/ul>\n<p>Se desideri esercitare questi diritti o capire se sono applicabili a te, segui le istruzioni riportate alla fine della presente Informativa sulla privacy.<\/p>\n<h2 class=\"wp-block-heading\">Link di terze parti<\/h2>\n<p>Il nostro sito web potrebbe contenere link ad altri siti web forniti da terze parti al di fuori del nostro controllo. Quando si segue un link e si forniscono informazioni a un sito web di terze parti, si prega di notare che non siamo responsabili dei dati forniti a tale terza parte. La presente informativa sulla privacy si applica esclusivamente ai siti web elencati all&#039;inizio di questo documento, pertanto quando si visitano altri siti web, anche quando si clicca su un link pubblicato su WordPress.org, \u00e8 necessario leggere le rispettive informative sulla privacy.<\/p>\n<h2 class=\"wp-block-heading\">Statistiche aggregate<\/h2>\n<p>WordPress.org pu\u00f2 raccogliere statistiche sul comportamento dei visitatori dei suoi siti web. Ad esempio, WordPress.org pu\u00f2 rivelare quante volte \u00e8 stata scaricata una particolare versione di WordPress o segnalare quali plugin sono i pi\u00f9 popolari, in base ai dati raccolti da\u00a0<code>api.wordpress.org<\/code>, un servizio web utilizzato dalle installazioni di WordPress per verificare la presenza di nuove versioni di WordPress e dei plugin. Tuttavia, WordPress.org non divulga informazioni di identificazione personale se non come descritto nella presente informativa.<\/p>\n<h2 class=\"wp-block-heading\">Biscotti<\/h2>\n<p>Inoltre, le informazioni su come utilizzi il nostro sito web vengono raccolte automaticamente tramite &quot;cookie&quot;. I cookie sono file di testo che vengono salvati sul tuo computer per raccogliere informazioni standard di log internet e informazioni sul comportamento dei visitatori. Queste informazioni vengono utilizzate per tracciare l&#039;utilizzo del sito web da parte dei visitatori e per compilare report statistici sulle attivit\u00e0 del sito.<\/p>\n<h2 class=\"wp-block-heading\">Modifiche all&#039;informativa sulla privacy<\/h2>\n<p>Sebbene la maggior parte delle modifiche siano probabilmente di minore entit\u00e0, WordPress.org potrebbe modificare la propria Informativa sulla privacy di volta in volta, a propria esclusiva discrezione. WordPress.org incoraggia i visitatori a consultare frequentemente questa pagina per eventuali modifiche alla propria Informativa sulla privacy. L&#039;utilizzo continuato di questo sito dopo qualsiasi modifica alla presente Informativa sulla privacy costituir\u00e0 l&#039;accettazione di tale modifica.<\/p>\n<p>&nbsp;<\/p>","protected":false},"excerpt":{"rendered":"<p>&nbsp; [matomo_opt_out] Use of personal information We will not use the information you provide when you register for an account, attend our events, receive newsletters, use certain other services, or participate in the WordPress open source project in any other way. We will not sell or lease your personal information to third parties unless we [&hellip;]<\/p>","protected":false},"author":1,"featured_media":0,"parent":0,"menu_order":0,"comment_status":"closed","ping_status":"closed","template":"","meta":{"footnotes":""},"_links":{"self":[{"href":"https:\/\/dgt-v16.com\/it\/wp-json\/wp\/v2\/pages\/2927"}],"collection":[{"href":"https:\/\/dgt-v16.com\/it\/wp-json\/wp\/v2\/pages"}],"about":[{"href":"https:\/\/dgt-v16.com\/it\/wp-json\/wp\/v2\/types\/page"}],"author":[{"embeddable":true,"href":"https:\/\/dgt-v16.com\/it\/wp-json\/wp\/v2\/users\/1"}],"replies":[{"embeddable":true,"href":"https:\/\/dgt-v16.com\/it\/wp-json\/wp\/v2\/comments?post=2927"}],"version-history":[{"count":0,"href":"https:\/\/dgt-v16.com\/it\/wp-json\/wp\/v2\/pages\/2927\/revisions"}],"wp:attachment":[{"href":"https:\/\/dgt-v16.com\/it\/wp-json\/wp\/v2\/media?parent=2927"}],"curies":[{"name":"wp","href":"https:\/\/api.w.org\/{rel}","templated":true}]}}