{"id":2927,"date":"2024-10-18T10:15:07","date_gmt":"2024-10-18T02:15:07","guid":{"rendered":"https:\/\/dgt-v16.com\/?page_id=2927"},"modified":"2024-10-18T10:16:00","modified_gmt":"2024-10-18T02:16:00","slug":"privacy-policy","status":"publish","type":"page","link":"https:\/\/dgt-v16.com\/pl\/polityka-prywatnosci\/","title":{"rendered":"Polityka prywatno\u015bci"},"content":{"rendered":"<p>&nbsp;<\/p>\n<p>[matomo_opt_out]<\/p>\n<h2><\/h2>\n<h2 class=\"wp-block-heading\">Wykorzystanie danych osobowych<\/h2>\n<p>Nie b\u0119dziemy wykorzystywa\u0107 informacji, kt\u00f3re podajesz podczas zak\u0142adania konta, uczestnictwa w naszych wydarzeniach, otrzymywania newsletter\u00f3w, korzystania z niekt\u00f3rych innych us\u0142ug ani w \u017caden inny spos\u00f3b uczestniczenia w projekcie open source WordPress.<\/p>\n<p>Nie b\u0119dziemy sprzedawa\u0107 ani udost\u0119pnia\u0107 Twoich danych osobowych osobom trzecim, chyba \u017ce uzyskamy Twoj\u0105 zgod\u0119 lub b\u0119dzie to wymagane przez prawo.<\/p>\n<p>Chcieliby\u015bmy od czasu do czasu wysy\u0142a\u0107 Ci e-mailem materia\u0142y marketingowe, kt\u00f3re mog\u0105 Ci\u0119 zainteresowa\u0107. Je\u015bli wyrazi\u0142e\u015b zgod\u0119 na otrzymywanie materia\u0142\u00f3w marketingowych, mo\u017cesz z niej zrezygnowa\u0107 p\u00f3\u017aniej.<\/p>\n<p>Masz prawo w ka\u017cdej chwili zrezygnowa\u0107 z kontaktu z nami w celach marketingowych. Je\u015bli nie chcesz ju\u017c otrzymywa\u0107 informacji marketingowych, kliknij link \u201eAnuluj subskrypcj\u0119\u201d na dole wiadomo\u015bci e-mail.<\/p>\n<h2 class=\"wp-block-heading\">Podstawy prawne przetwarzania danych osobowych<\/h2>\n<p>Polegamy na jednym lub kilku z nast\u0119puj\u0105cych warunk\u00f3w przetwarzania:<\/p>\n<ul class=\"wp-block-list\">\n<li>nasze uzasadnione interesy w skutecznym dostarczaniu Ci informacji i us\u0142ug;<\/li>\n<li>wyra\u017ana zgoda, kt\u00f3r\u0105 wyrazi\u0142e\u015b;<\/li>\n<li>zobowi\u0105zania prawne.<\/li>\n<\/ul>\n<h2 class=\"wp-block-heading\">Prawa zwi\u0105zane z Twoimi danymi<\/h2>\n<p>Zgodnie z przepisami o ochronie danych osobowych mog\u0105 Ci przys\u0142ugiwa\u0107 pewne prawa w zwi\u0105zku z danymi osobowymi, kt\u00f3re o Tobie przechowujemy. W szczeg\u00f3lno\u015bci mo\u017cesz mie\u0107 prawo do:<\/p>\n<ul class=\"wp-block-list\">\n<li>za\u017c\u0105da\u0107 kopii danych osobowych, jakie o Tobie przechowujemy;<\/li>\n<li>poprosi\u0107 o aktualizacj\u0119 posiadanych przez nas Twoich danych osobowych lub o samodzielne poprawienie tych danych osobowych, kt\u00f3re uwa\u017casz za nieprawid\u0142owe lub niekompletne;<\/li>\n<li>poprosi\u0107 o usuni\u0119cie z aktywnych system\u00f3w posiadanych przez nas Twoich danych osobowych lub o ograniczenie sposobu, w jaki wykorzystujemy takie dane osobowe (informacje na temat usuwania danych z archiw\u00f3w mo\u017cna znale\u017a\u0107 w sekcji \u201ePrzechowywanie danych osobowych\u201d);<\/li>\n<li>sprzeciwi\u0107 si\u0119 przetwarzaniu przez nas Twoich danych osobowych; i\/lub<\/li>\n<li>wycofa\u0107 zgod\u0119 na przetwarzanie przez nas Twoich danych osobowych (w zakresie, w jakim przetwarzanie odbywa si\u0119 na podstawie zgody, a zgoda stanowi jedyn\u0105 dopuszczaln\u0105 podstaw\u0119 przetwarzania).<\/li>\n<\/ul>\n<p>Je\u015bli chcesz skorzysta\u0107 z tych praw lub dowiedzie\u0107 si\u0119, czy prawa te maj\u0105 zastosowanie w Twoim przypadku, post\u0119puj zgodnie z instrukcjami podanymi na ko\u0144cu niniejszej Polityki prywatno\u015bci.<\/p>\n<h2 class=\"wp-block-heading\">Linki stron trzecich<\/h2>\n<p>Nasza strona internetowa mo\u017ce zawiera\u0107 linki do innych stron internetowych udost\u0119pnianych przez podmioty zewn\u0119trzne, nad kt\u00f3rymi nie mamy kontroli. Korzystaj\u0105c z linku i podaj\u0105c informacje stronie internetowej podmiotu zewn\u0119trznego, nale\u017cy pami\u0119ta\u0107, \u017ce nie ponosimy odpowiedzialno\u015bci za dane przekazane temu podmiotowi zewn\u0119trznemu. Niniejsza polityka prywatno\u015bci dotyczy wy\u0142\u0105cznie stron internetowych wymienionych na pocz\u0105tku tego dokumentu, dlatego odwiedzaj\u0105c inne strony internetowe, nawet po klikni\u0119ciu linku zamieszczonego na WordPress.org, nale\u017cy zapozna\u0107 si\u0119 z ich w\u0142asnymi politykami prywatno\u015bci.<\/p>\n<h2 class=\"wp-block-heading\">Statystyki zbiorcze<\/h2>\n<p>WordPress.org mo\u017ce gromadzi\u0107 statystyki dotycz\u0105ce zachowa\u0144 u\u017cytkownik\u00f3w odwiedzaj\u0105cych jego witryny. Na przyk\u0142ad WordPress.org mo\u017ce ujawni\u0107, ile razy pobrano dan\u0105 wersj\u0119 WordPressa lub raportowa\u0107, kt\u00f3re wtyczki s\u0105 najpopularniejsze, na podstawie danych zebranych przez\u2026\u00a0<code>api.wordpress.org<\/code>, us\u0142uga internetowa u\u017cywana przez instalacje WordPressa do sprawdzania dost\u0119pno\u015bci nowych wersji WordPressa i wtyczek. WordPress.org nie ujawnia jednak danych osobowych poza informacjami opisanymi w niniejszej polityce.<\/p>\n<h2 class=\"wp-block-heading\">Ciastka<\/h2>\n<p>Ponadto informacje o sposobie korzystania z naszej strony internetowej s\u0105 gromadzone automatycznie za pomoc\u0105 plik\u00f3w \u201ecookie\u201d. Pliki \u201ecookie\u201d to pliki tekstowe umieszczane na Twoim komputerze w celu gromadzenia standardowych informacji z dziennika internetowego oraz informacji o zachowaniach odwiedzaj\u0105cych. Informacje te s\u0142u\u017c\u0105 do \u015bledzenia korzystania ze strony internetowej przez odwiedzaj\u0105cych oraz do tworzenia raport\u00f3w statystycznych dotycz\u0105cych aktywno\u015bci na stronie.<\/p>\n<h2 class=\"wp-block-heading\">Zmiany w polityce prywatno\u015bci<\/h2>\n<p>Chocia\u017c wi\u0119kszo\u015b\u0107 zmian b\u0119dzie prawdopodobnie niewielka, WordPress.org mo\u017ce od czasu do czasu zmienia\u0107 swoj\u0105 Polityk\u0119 Prywatno\u015bci, wed\u0142ug w\u0142asnego uznania. WordPress.org zach\u0119ca odwiedzaj\u0105cych do cz\u0119stego sprawdzania tej strony pod k\u0105tem zmian w Polityce Prywatno\u015bci. Dalsze korzystanie z tej witryny po wprowadzeniu jakichkolwiek zmian w Polityce Prywatno\u015bci b\u0119dzie r\u00f3wnoznaczne z akceptacj\u0105 tych zmian.<\/p>\n<p>&nbsp;<\/p>","protected":false},"excerpt":{"rendered":"<p>&nbsp; [matomo_opt_out] Use of personal information We will not use the information you provide when you register for an account, attend our events, receive newsletters, use certain other services, or participate in the WordPress open source project in any other way. We will not sell or lease your personal information to third parties unless we [&hellip;]<\/p>","protected":false},"author":1,"featured_media":0,"parent":0,"menu_order":0,"comment_status":"closed","ping_status":"closed","template":"","meta":{"footnotes":""},"_links":{"self":[{"href":"https:\/\/dgt-v16.com\/pl\/wp-json\/wp\/v2\/pages\/2927"}],"collection":[{"href":"https:\/\/dgt-v16.com\/pl\/wp-json\/wp\/v2\/pages"}],"about":[{"href":"https:\/\/dgt-v16.com\/pl\/wp-json\/wp\/v2\/types\/page"}],"author":[{"embeddable":true,"href":"https:\/\/dgt-v16.com\/pl\/wp-json\/wp\/v2\/users\/1"}],"replies":[{"embeddable":true,"href":"https:\/\/dgt-v16.com\/pl\/wp-json\/wp\/v2\/comments?post=2927"}],"version-history":[{"count":0,"href":"https:\/\/dgt-v16.com\/pl\/wp-json\/wp\/v2\/pages\/2927\/revisions"}],"wp:attachment":[{"href":"https:\/\/dgt-v16.com\/pl\/wp-json\/wp\/v2\/media?parent=2927"}],"curies":[{"name":"wp","href":"https:\/\/api.w.org\/{rel}","templated":true}]}}