{"id":2927,"date":"2024-10-18T10:15:07","date_gmt":"2024-10-18T02:15:07","guid":{"rendered":"https:\/\/dgt-v16.com\/?page_id=2927"},"modified":"2024-10-18T10:16:00","modified_gmt":"2024-10-18T02:16:00","slug":"privacy-policy","status":"publish","type":"page","link":"https:\/\/dgt-v16.com\/pt\/politica-de-privacidade\/","title":{"rendered":"Pol\u00edtica de Privacidade"},"content":{"rendered":"<p>&nbsp;<\/p>\n<p>[matomo_opt_out]<\/p>\n<h2><\/h2>\n<h2 class=\"wp-block-heading\">Uso de informa\u00e7\u00f5es pessoais<\/h2>\n<p>N\u00e3o usaremos as informa\u00e7\u00f5es que voc\u00ea fornecer ao registrar uma conta, participar de nossos eventos, receber boletins informativos, usar determinados outros servi\u00e7os ou participar do projeto de c\u00f3digo aberto WordPress de nenhuma outra forma.<\/p>\n<p>N\u00e3o venderemos nem alugaremos suas informa\u00e7\u00f5es pessoais a terceiros, a menos que tenhamos sua permiss\u00e3o ou sejamos obrigados por lei a faz\u00ea-lo.<\/p>\n<p>Gostar\u00edamos de lhe enviar comunica\u00e7\u00f5es de marketing por e-mail que podem ser do seu interesse ocasionalmente. Se voc\u00ea consentiu com o marketing, poder\u00e1 cancelar o recebimento posteriormente.<\/p>\n<p>Voc\u00ea tem o direito de, a qualquer momento, nos impedir de entrar em contato para fins de marketing. Caso n\u00e3o deseje mais ser contatado para fins de marketing, clique no link de cancelamento de inscri\u00e7\u00e3o na parte inferior do e-mail.<\/p>\n<h2 class=\"wp-block-heading\">Bases legais para o processamento de informa\u00e7\u00f5es pessoais<\/h2>\n<p>Dependemos de uma ou mais das seguintes condi\u00e7\u00f5es de processamento:<\/p>\n<ul class=\"wp-block-list\">\n<li>nossos interesses leg\u00edtimos na entrega eficaz de informa\u00e7\u00f5es e servi\u00e7os a voc\u00ea;<\/li>\n<li>consentimento expl\u00edcito que voc\u00ea deu;<\/li>\n<li>obriga\u00e7\u00f5es legais.<\/li>\n<\/ul>\n<h2 class=\"wp-block-heading\">Direitos em rela\u00e7\u00e3o \u00e0s suas informa\u00e7\u00f5es<\/h2>\n<p>Voc\u00ea pode ter certos direitos sob a lei de prote\u00e7\u00e3o de dados em rela\u00e7\u00e3o \u00e0s informa\u00e7\u00f5es pessoais que mantemos sobre voc\u00ea. Em particular, voc\u00ea pode ter o direito de:<\/p>\n<ul class=\"wp-block-list\">\n<li>solicitar uma c\u00f3pia das informa\u00e7\u00f5es pessoais que temos sobre voc\u00ea;<\/li>\n<li>solicitar que atualizemos as informa\u00e7\u00f5es pessoais que temos sobre voc\u00ea ou que corrijamos de forma independente as informa\u00e7\u00f5es pessoais que voc\u00ea considera incorretas ou incompletas;<\/li>\n<li>solicitar que excluamos as informa\u00e7\u00f5es pessoais que mantemos sobre voc\u00ea dos sistemas ativos ou restringir a maneira como usamos essas informa\u00e7\u00f5es pessoais (para obter informa\u00e7\u00f5es sobre exclus\u00e3o de arquivos, consulte a se\u00e7\u00e3o \u201cReten\u00e7\u00e3o de informa\u00e7\u00f5es pessoais\u201d);<\/li>\n<li>opor-se ao nosso processamento das suas informa\u00e7\u00f5es pessoais; e\/ou<\/li>\n<li>retirar seu consentimento para o processamento de suas informa\u00e7\u00f5es pessoais (na medida em que tal processamento seja baseado no consentimento e o consentimento seja a \u00fanica base permitida para o processamento).<\/li>\n<\/ul>\n<p>Se voc\u00ea quiser exercer esses direitos ou entender se eles se aplicam a voc\u00ea, siga as instru\u00e7\u00f5es no final desta Declara\u00e7\u00e3o de Privacidade.<\/p>\n<h2 class=\"wp-block-heading\">Links de terceiros<\/h2>\n<p>Nosso site pode conter links para outros sites fornecidos por terceiros que n\u00e3o est\u00e3o sob nosso controle. Ao acessar um link e fornecer informa\u00e7\u00f5es a um site de terceiros, esteja ciente de que n\u00e3o somos respons\u00e1veis pelos dados fornecidos a esse terceiro. Esta pol\u00edtica de privacidade se aplica apenas aos sites listados no in\u00edcio deste documento, portanto, ao visitar outros sites, mesmo que clique em um link publicado no WordPress.org, voc\u00ea deve ler as respectivas pol\u00edticas de privacidade.<\/p>\n<h2 class=\"wp-block-heading\">Estat\u00edsticas agregadas<\/h2>\n<p>O WordPress.org pode coletar estat\u00edsticas sobre o comportamento dos visitantes de seus sites. Por exemplo, o WordPress.org pode revelar quantas vezes uma vers\u00e3o espec\u00edfica do WordPress foi baixada ou relatar quais plugins s\u00e3o os mais populares, com base em dados coletados por\u00a0<code>api.wordpress.org<\/code>, um servi\u00e7o web usado por instala\u00e7\u00f5es do WordPress para verificar novas vers\u00f5es do WordPress e plugins. No entanto, o WordPress.org n\u00e3o divulga informa\u00e7\u00f5es de identifica\u00e7\u00e3o pessoal, exceto conforme descrito nesta pol\u00edtica.<\/p>\n<h2 class=\"wp-block-heading\">Biscoitos<\/h2>\n<p>Al\u00e9m disso, informa\u00e7\u00f5es sobre como voc\u00ea utiliza nosso site s\u00e3o coletadas automaticamente por meio de &quot;cookies&quot;. Cookies s\u00e3o arquivos de texto armazenados em seu computador para coletar informa\u00e7\u00f5es padr\u00e3o de registro da internet e informa\u00e7\u00f5es sobre o comportamento do visitante. Essas informa\u00e7\u00f5es s\u00e3o usadas para rastrear o uso do site pelos visitantes e para compilar relat\u00f3rios estat\u00edsticos sobre a atividade do site.<\/p>\n<h2 class=\"wp-block-heading\">Altera\u00e7\u00f5es na pol\u00edtica de privacidade<\/h2>\n<p>Embora a maioria das altera\u00e7\u00f5es provavelmente sejam pequenas, o WordPress.org pode alterar sua Pol\u00edtica de Privacidade periodicamente, a crit\u00e9rio exclusivo do WordPress.org. O WordPress.org incentiva os visitantes a verificarem esta p\u00e1gina com frequ\u00eancia para verificar quaisquer altera\u00e7\u00f5es em sua Pol\u00edtica de Privacidade. O uso cont\u00ednuo deste site ap\u00f3s qualquer altera\u00e7\u00e3o nesta Pol\u00edtica de Privacidade constituir\u00e1 sua aceita\u00e7\u00e3o de tal altera\u00e7\u00e3o.<\/p>\n<p>&nbsp;<\/p>","protected":false},"excerpt":{"rendered":"<p>&nbsp; [matomo_opt_out] Utiliza\u00e7\u00e3o de informa\u00e7\u00f5es pessoais N\u00e3o utilizaremos as informa\u00e7\u00f5es que fornecer quando se registar numa conta, participar nos nossos eventos, receber boletins informativos, utilizar outros servi\u00e7os ou participar no projeto de fonte aberta WordPress de qualquer outra forma. N\u00e3o venderemos ou alugaremos as suas informa\u00e7\u00f5es pessoais a terceiros, a menos que [...]<\/p>","protected":false},"author":1,"featured_media":0,"parent":0,"menu_order":0,"comment_status":"closed","ping_status":"closed","template":"","meta":{"footnotes":""},"_links":{"self":[{"href":"https:\/\/dgt-v16.com\/pt\/wp-json\/wp\/v2\/pages\/2927"}],"collection":[{"href":"https:\/\/dgt-v16.com\/pt\/wp-json\/wp\/v2\/pages"}],"about":[{"href":"https:\/\/dgt-v16.com\/pt\/wp-json\/wp\/v2\/types\/page"}],"author":[{"embeddable":true,"href":"https:\/\/dgt-v16.com\/pt\/wp-json\/wp\/v2\/users\/1"}],"replies":[{"embeddable":true,"href":"https:\/\/dgt-v16.com\/pt\/wp-json\/wp\/v2\/comments?post=2927"}],"version-history":[{"count":0,"href":"https:\/\/dgt-v16.com\/pt\/wp-json\/wp\/v2\/pages\/2927\/revisions"}],"wp:attachment":[{"href":"https:\/\/dgt-v16.com\/pt\/wp-json\/wp\/v2\/media?parent=2927"}],"curies":[{"name":"wp","href":"https:\/\/api.w.org\/{rel}","templated":true}]}}