{"id":6,"date":"2024-07-02T06:54:56","date_gmt":"2024-07-02T06:54:56","guid":{"rendered":"https:\/\/dgt-v16.com\/?page_id=6"},"modified":"2025-09-22T15:57:40","modified_gmt":"2025-09-22T07:57:40","slug":"home","status":"publish","type":"page","link":"https:\/\/dgt-v16.com\/pt\/","title":{"rendered":"DGT V16 GPS Luz de Emerg\u00eancia para Carro Fabricante"},"content":{"rendered":"<div data-elementor-type=\"wp-page\" data-elementor-id=\"6\" class=\"elementor elementor-6\" data-elementor-post-type=\"page\">\n\t\t\t\t<div class=\"elementor-element elementor-element-739dcc6 e-con-full e-flex e-con e-parent\" data-id=\"739dcc6\" data-element_type=\"container\" data-settings=\"{&quot;background_background&quot;:&quot;gradient&quot;}\">\n\t\t<div class=\"elementor-element elementor-element-e587b46 e-con-full e-flex e-con e-child\" data-id=\"e587b46\" data-element_type=\"container\">\n\t\t\t\t<div class=\"elementor-element elementor-element-a5bf97d elementor-widget elementor-widget-image\" data-id=\"a5bf97d\" data-element_type=\"widget\" data-widget_type=\"image.default\">\n\t\t\t\t<div class=\"elementor-widget-container\">\n\t\t\t<style>\/*! elementor - v3.22.0 - 26-06-2024 *\/\n.elementor-widget-image{text-align:center}.elementor-widget-image a{display:inline-block}.elementor-widget-image a img[src$=\".svg\"]{width:48px}.elementor-widget-image img{vertical-align:middle;display:inline-block}<\/style>\t\t\t\t\t\t\t\t\t\t<img fetchpriority=\"high\" decoding=\"async\" width=\"746\" height=\"670\" src=\"https:\/\/dgt-v16.com\/wp-content\/uploads\/2025\/09\/V16.webp\" class=\"attachment-large size-large wp-image-3712\" alt=\"Luz de aviso GPS DGT V16\" srcset=\"https:\/\/dgt-v16.com\/wp-content\/uploads\/2025\/09\/V16.webp 746w, https:\/\/dgt-v16.com\/wp-content\/uploads\/2025\/09\/V16-300x269.webp 300w, https:\/\/dgt-v16.com\/wp-content\/uploads\/2025\/09\/V16-13x12.webp 13w\" sizes=\"(max-width: 746px) 100vw, 746px\" \/>\t\t\t\t\t\t\t\t\t\t\t\t\t<\/div>\n\t\t\t\t<\/div>\n\t\t\t\t<\/div>\n\t\t<div class=\"elementor-element elementor-element-3824c9d e-con-full e-flex e-con e-child\" data-id=\"3824c9d\" data-element_type=\"container\">\n\t\t\t\t<div class=\"elementor-element elementor-element-23f9955 elementor-widget elementor-widget-heading\" data-id=\"23f9955\" data-element_type=\"widget\" data-widget_type=\"heading.default\">\n\t\t\t\t<div class=\"elementor-widget-container\">\n\t\t\t<style>\/*! elementor - v3.22.0 - 26-06-2024 *\/\n.elementor-heading-title{padding:0;margin:0;line-height:1}.elementor-widget-heading .elementor-heading-title[class*=elementor-size-]>a{color:inherit;font-size:inherit;line-height:inherit}.elementor-widget-heading .elementor-heading-title.elementor-size-small{font-size:15px}.elementor-widget-heading .elementor-heading-title.elementor-size-medium{font-size:19px}.elementor-widget-heading .elementor-heading-title.elementor-size-large{font-size:29px}.elementor-widget-heading .elementor-heading-title.elementor-size-xl{font-size:39px}.elementor-widget-heading .elementor-heading-title.elementor-size-xxl{font-size:59px}<\/style><h1 class=\"elementor-heading-title elementor-size-default\">DGT V16 GPS Luz de Emerg\u00eancia para Carro Fabricante<\/h1>\t\t<\/div>\n\t\t\t\t<\/div>\n\t\t\t\t<div class=\"elementor-element elementor-element-11c995c elementor-widget elementor-widget-text-editor\" data-id=\"11c995c\" data-element_type=\"widget\" data-widget_type=\"text-editor.default\">\n\t\t\t\t<div class=\"elementor-widget-container\">\n\t\t\t<style>\/*! elementor - v3.22.0 - 26-06-2024 *\/\n.elementor-widget-text-editor.elementor-drop-cap-view-stacked .elementor-drop-cap{background-color:#69727d;color:#fff}.elementor-widget-text-editor.elementor-drop-cap-view-framed .elementor-drop-cap{color:#69727d;border:3px solid;background-color:transparent}.elementor-widget-text-editor:not(.elementor-drop-cap-view-default) .elementor-drop-cap{margin-top:8px}.elementor-widget-text-editor:not(.elementor-drop-cap-view-default) .elementor-drop-cap-letter{width:1em;height:1em}.elementor-widget-text-editor .elementor-drop-cap{float:left;text-align:center;line-height:1;font-size:50px}.elementor-widget-text-editor .elementor-drop-cap-letter{display:inline-block}<\/style>\t\t\t\t<p>Luzes de aviso para autom\u00f3veis com GPS preparadas para a Europa para frotas. Capacidade OEM\/ODM, fiabilidade comprovada e integra\u00e7\u00e3o perfeita com redes CAN\/OBD.<\/p>\t\t\t\t\t\t<\/div>\n\t\t\t\t<\/div>\n\t\t\t\t<div class=\"elementor-element elementor-element-f7876bc elementor-widget elementor-widget-text-editor\" data-id=\"f7876bc\" data-element_type=\"widget\" data-widget_type=\"text-editor.default\">\n\t\t\t\t<div class=\"elementor-widget-container\">\n\t\t\t\t\t\t\t<ul><li>Conformidade CE, RoHS, EMC para frotas da UE<\/li><li>Prontid\u00e3o do Reg 65 da UNECE<\/li><li>Ampla temperatura, design robusto com classifica\u00e7\u00e3o IP<\/li><li>Rede local de apoio \u00e0 UE<\/li><\/ul>\t\t\t\t\t\t<\/div>\n\t\t\t\t<\/div>\n\t\t<div class=\"elementor-element elementor-element-f6b49a1 e-grid e-con-full e-con e-child\" data-id=\"f6b49a1\" data-element_type=\"container\">\n\t\t\t\t<div class=\"elementor-element elementor-element-2f0853c elementor-widget elementor-widget-button\" data-id=\"2f0853c\" data-element_type=\"widget\" data-widget_type=\"button.default\">\n\t\t\t\t<div class=\"elementor-widget-container\">\n\t\t\t\t\t<div class=\"elementor-button-wrapper\">\n\t\t\t<a class=\"elementor-button elementor-button-link elementor-size-sm\" href=\"https:\/\/dgt-v16.com\/pt\/contato\/\">\n\t\t\t\t\t\t<span class=\"elementor-button-content-wrapper\">\n\t\t\t\t\t\t\t\t\t<span class=\"elementor-button-text\">Contacto de vendas<\/span>\n\t\t\t\t\t<\/span>\n\t\t\t\t\t<\/a>\n\t\t<\/div>\n\t\t\t\t<\/div>\n\t\t\t\t<\/div>\n\t\t\t\t<div class=\"elementor-element elementor-element-729e526 elementor-widget elementor-widget-button\" data-id=\"729e526\" data-element_type=\"widget\" data-widget_type=\"button.default\">\n\t\t\t\t<div class=\"elementor-widget-container\">\n\t\t\t\t\t<div class=\"elementor-button-wrapper\">\n\t\t\t<a class=\"elementor-button elementor-button-link elementor-size-sm\" href=\"https:\/\/dgt-v16.com\/wp-content\/uploads\/2025\/09\/V16-GPS-Warning-Lamp-Proposal-Datasheet.xls\">\n\t\t\t\t\t\t<span class=\"elementor-button-content-wrapper\">\n\t\t\t\t\t\t\t\t\t<span class=\"elementor-button-text\">Descarregar ficha de dados<\/span>\n\t\t\t\t\t<\/span>\n\t\t\t\t\t<\/a>\n\t\t<\/div>\n\t\t\t\t<\/div>\n\t\t\t\t<\/div>\n\t\t\t\t<\/div>\n\t\t\t\t<\/div>\n\t\t<div class=\"elementor-element elementor-element-1d5f48a e-con-full e-flex e-con e-child\" data-id=\"1d5f48a\" data-element_type=\"container\">\n\t\t\t\t<\/div>\n\t\t\t\t<\/div>\n\t\t<div class=\"elementor-element elementor-element-2a51029 e-con-full e-flex e-con e-parent\" data-id=\"2a51029\" data-element_type=\"container\">\n\t\t<div class=\"elementor-element elementor-element-e3a8441 e-con-full e-flex e-con e-child\" data-id=\"e3a8441\" data-element_type=\"container\">\n\t\t\t\t<div class=\"elementor-element elementor-element-0c9547e elementor-widget elementor-widget-text-editor\" data-id=\"0c9547e\" data-element_type=\"widget\" data-widget_type=\"text-editor.default\">\n\t\t\t\t<div class=\"elementor-widget-container\">\n\t\t\t\t\t\t\t<h2 data-v-md-heading=\"advantages-of-dgt-gps-warning-light\" data-v-md-line=\"1\">Vantagens da luz de emerg\u00eancia para autom\u00f3vel com GPS<\/h2><p data-v-md-line=\"3\">O DGT GPS Car Warning Light \u00e9 um l\u00edder de mercado em seguran\u00e7a autom\u00f3vel e gest\u00e3o de tr\u00e1fego, oferecendo v\u00e1rias vantagens importantes:<\/p><ol data-v-md-line=\"5\"><li><p data-v-md-line=\"5\"><strong>Fiabilidade e durabilidade<\/strong>: Fabricado com materiais de alta qualidade, tem um desempenho eficaz em ambientes dif\u00edceis, aumentando a seguran\u00e7a do ve\u00edculo.<\/p><\/li><li><p data-v-md-line=\"7\"><strong>Tecnologia GPS integrada<\/strong>: Equipado com GPS avan\u00e7ado, permite a monitoriza\u00e7\u00e3o em tempo real e a ativa\u00e7\u00e3o autom\u00e1tica, melhorando significativamente a seguran\u00e7a rodovi\u00e1ria.<\/p><\/li><li><p data-v-md-line=\"9\"><strong>Conformidade internacional<\/strong>: Cumpre as normas CE, RoHS e UNECE Reg 65, garantindo a seguran\u00e7a global e a conformidade legal.<\/p><\/li><li><p data-v-md-line=\"11\"><strong>F\u00e1cil instala\u00e7\u00e3o e compatibilidade<\/strong>: Concebido para uma configura\u00e7\u00e3o r\u00e1pida, \u00e9 compat\u00edvel com v\u00e1rios ve\u00edculos e interfaces (como CAN e OBD).<\/p><\/li><li><p data-v-md-line=\"13\"><strong>Amigo do ambiente e eficiente em termos energ\u00e9ticos<\/strong>: Utilizando a tecnologia LED economizadora de energia, reduz o consumo de energia e o impacto ambiental.<\/p><\/li><li><p data-v-md-line=\"15\"><strong>Servi\u00e7os OEM\/ODM flex\u00edveis<\/strong>: Est\u00e3o dispon\u00edveis op\u00e7\u00f5es de personaliza\u00e7\u00e3o da marca e da funcionalidade de acordo com as necessidades do cliente.<\/p><\/li><\/ol><p data-v-md-line=\"17\">Com estas vantagens, a luz de emerg\u00eancia para autom\u00f3vel com GPS garante uma qualidade excecional e contribui para a seguran\u00e7a rodovi\u00e1ria global, tornando-a uma escolha fi\u00e1vel para solu\u00e7\u00f5es de seguran\u00e7a.<\/p>\t\t\t\t\t\t<\/div>\n\t\t\t\t<\/div>\n\t\t\t\t<\/div>\n\t\t<div class=\"elementor-element elementor-element-8723849 e-con-full e-flex e-con e-child\" data-id=\"8723849\" data-element_type=\"container\">\n\t\t\t\t<div class=\"elementor-element elementor-element-c718db2 elementor-widget elementor-widget-video\" data-id=\"c718db2\" data-element_type=\"widget\" data-settings=\"{&quot;youtube_url&quot;:&quot;https:\\\/\\\/youtu.be\\\/MG1NXusR2Ss&quot;,&quot;video_type&quot;:&quot;youtube&quot;,&quot;controls&quot;:&quot;yes&quot;}\" data-widget_type=\"video.default\">\n\t\t\t\t<div class=\"elementor-widget-container\">\n\t\t\t<style>\/*! elementor - v3.22.0 - 26-06-2024 *\/\n.elementor-widget-video .elementor-widget-container{overflow:hidden;transform:translateZ(0)}.elementor-widget-video .elementor-wrapper{aspect-ratio:var(--video-aspect-ratio)}.elementor-widget-video .elementor-wrapper iframe,.elementor-widget-video .elementor-wrapper video{height:100%;width:100%;display:flex;border:none;background-color:#000}@supports not (aspect-ratio:1\/1){.elementor-widget-video .elementor-wrapper{position:relative;overflow:hidden;height:0;padding-bottom:calc(100% \/ var(--video-aspect-ratio))}.elementor-widget-video .elementor-wrapper iframe,.elementor-widget-video .elementor-wrapper video{position:absolute;top:0;right:0;bottom:0;left:0}}.elementor-widget-video .elementor-open-inline .elementor-custom-embed-image-overlay{position:absolute;top:0;right:0;bottom:0;left:0;background-size:cover;background-position:50%}.elementor-widget-video .elementor-custom-embed-image-overlay{cursor:pointer;text-align:center}.elementor-widget-video .elementor-custom-embed-image-overlay:hover .elementor-custom-embed-play i{opacity:1}.elementor-widget-video .elementor-custom-embed-image-overlay img{display:block;width:100%;aspect-ratio:var(--video-aspect-ratio);-o-object-fit:cover;object-fit:cover;-o-object-position:center center;object-position:center center}@supports not (aspect-ratio:1\/1){.elementor-widget-video .elementor-custom-embed-image-overlay{position:relative;overflow:hidden;height:0;padding-bottom:calc(100% \/ var(--video-aspect-ratio))}.elementor-widget-video .elementor-custom-embed-image-overlay img{position:absolute;top:0;right:0;bottom:0;left:0}}.elementor-widget-video .e-hosted-video .elementor-video{-o-object-fit:cover;object-fit:cover}.e-con-inner>.elementor-widget-video,.e-con>.elementor-widget-video{width:var(--container-widget-width);--flex-grow:var(--container-widget-flex-grow)}<\/style>\t\t<div class=\"elementor-wrapper elementor-open-inline\">\n\t\t\t<div class=\"elementor-video\"><\/div>\t\t<\/div>\n\t\t\t\t<\/div>\n\t\t\t\t<\/div>\n\t\t\t\t<\/div>\n\t\t\t\t<\/div>\n\t\t<div class=\"elementor-element elementor-element-c11c0fa e-con-full e-flex e-con e-parent\" data-id=\"c11c0fa\" data-element_type=\"container\">\n\t\t<div class=\"elementor-element elementor-element-cbbf316 e-con-full e-flex e-con e-child\" data-id=\"cbbf316\" data-element_type=\"container\">\n\t\t\t\t<div class=\"elementor-element elementor-element-b2f9828 elementor-widget elementor-widget-text-editor\" data-id=\"b2f9828\" data-element_type=\"widget\" data-widget_type=\"text-editor.default\">\n\t\t\t\t<div class=\"elementor-widget-container\">\n\t\t\t\t\t\t\t<h3>Log\u00edstica Cliente A - 2.000+ ve\u00edculos<\/h3><p>Redu\u00e7\u00e3o dos incidentes de seguran\u00e7a em X%, melhoria da pontualidade em Y%.<\/p><p><a aria-label=\"Ler o estudo de caso\">Ler o estudo de caso<\/a><\/p>\t\t\t\t\t\t<\/div>\n\t\t\t\t<\/div>\n\t\t\t\t<\/div>\n\t\t<div class=\"elementor-element elementor-element-f0074ff e-con-full e-flex e-con e-child\" data-id=\"f0074ff\" data-element_type=\"container\">\n\t\t\t\t<div class=\"elementor-element elementor-element-f3c2d17 elementor-widget elementor-widget-text-editor\" data-id=\"f3c2d17\" data-element_type=\"widget\" data-widget_type=\"text-editor.default\">\n\t\t\t\t<div class=\"elementor-widget-container\">\n\t\t\t\t\t\t\t<h3>Transportes p\u00fablicos Cliente B - Rotas da cidade<\/h3><p>Melhoria da responsabiliza\u00e7\u00e3o dos condutores e da normaliza\u00e7\u00e3o da sinaliza\u00e7\u00e3o.<\/p><p>Ler o estudo de caso<\/p>\t\t\t\t\t\t<\/div>\n\t\t\t\t<\/div>\n\t\t\t\t<\/div>\n\t\t\t\t<\/div>\n\t\t<div class=\"elementor-element elementor-element-301b974 e-con-full e-flex e-con e-parent\" data-id=\"301b974\" data-element_type=\"container\">\n\t\t\t\t<div class=\"elementor-element elementor-element-0a997aa elementor-widget elementor-widget-button\" data-id=\"0a997aa\" data-element_type=\"widget\" data-widget_type=\"button.default\">\n\t\t\t\t<div class=\"elementor-widget-container\">\n\t\t\t\t\t<div class=\"elementor-button-wrapper\">\n\t\t\t<a class=\"elementor-button elementor-button-link elementor-size-sm\" href=\"https:\/\/dgt-v16.com\/pt\/category\/blog\/\">\n\t\t\t\t\t\t<span class=\"elementor-button-content-wrapper\">\n\t\t\t\t\t\t\t\t\t<span class=\"elementor-button-text\">Ver todos os estudos de caso<\/span>\n\t\t\t\t\t<\/span>\n\t\t\t\t\t<\/a>\n\t\t<\/div>\n\t\t\t\t<\/div>\n\t\t\t\t<\/div>\n\t\t\t\t<\/div>\n\t\t<div class=\"elementor-element elementor-element-e095795 e-con-full e-flex e-con e-parent\" data-id=\"e095795\" data-element_type=\"container\">\n\t\t<div class=\"elementor-element elementor-element-52469cf e-con-full e-flex e-con e-child\" data-id=\"52469cf\" data-element_type=\"container\">\n\t\t\t\t<div class=\"elementor-element elementor-element-a7a1f42 elementor-widget elementor-widget-text-editor\" data-id=\"a7a1f42\" data-element_type=\"widget\" data-widget_type=\"text-editor.default\">\n\t\t\t\t<div class=\"elementor-widget-container\">\n\t\t\t\t\t\t\t<h3>Ficha de dados - S\u00e9rie DGT V16<\/h3><p>Especifica\u00e7\u00f5es t\u00e9cnicas, esquemas el\u00e9ctricos<\/p>\t\t\t\t\t\t<\/div>\n\t\t\t\t<\/div>\n\t\t\t\t<div class=\"elementor-element elementor-element-8d1d141 elementor-widget elementor-widget-button\" data-id=\"8d1d141\" data-element_type=\"widget\" data-widget_type=\"button.default\">\n\t\t\t\t<div class=\"elementor-widget-container\">\n\t\t\t\t\t<div class=\"elementor-button-wrapper\">\n\t\t\t<a class=\"elementor-button elementor-button-link elementor-size-sm\" href=\"#\">\n\t\t\t\t\t\t<span class=\"elementor-button-content-wrapper\">\n\t\t\t\t\t\t\t\t\t<span class=\"elementor-button-text\">Descarregar ficha de dados<\/span>\n\t\t\t\t\t<\/span>\n\t\t\t\t\t<\/a>\n\t\t<\/div>\n\t\t\t\t<\/div>\n\t\t\t\t<\/div>\n\t\t\t\t<\/div>\n\t\t<div class=\"elementor-element elementor-element-ecce980 e-con-full e-flex e-con e-child\" data-id=\"ecce980\" data-element_type=\"container\">\n\t\t\t\t<div class=\"elementor-element elementor-element-4b2359d elementor-widget elementor-widget-text-editor\" data-id=\"4b2359d\" data-element_type=\"widget\" data-widget_type=\"text-editor.default\">\n\t\t\t\t<div class=\"elementor-widget-container\">\n\t\t\t\t\t\t\t<h3>Documenta\u00e7\u00e3o da API<\/h3><p>API XML\/JSON, exemplos de integra\u00e7\u00e3o<\/p>\t\t\t\t\t\t<\/div>\n\t\t\t\t<\/div>\n\t\t\t\t<div class=\"elementor-element elementor-element-2dd5730 elementor-widget elementor-widget-button\" data-id=\"2dd5730\" data-element_type=\"widget\" data-widget_type=\"button.default\">\n\t\t\t\t<div class=\"elementor-widget-container\">\n\t\t\t\t\t<div class=\"elementor-button-wrapper\">\n\t\t\t<a class=\"elementor-button elementor-button-link elementor-size-sm\" href=\"#\">\n\t\t\t\t\t\t<span class=\"elementor-button-content-wrapper\">\n\t\t\t\t\t\t\t\t\t<span class=\"elementor-button-text\">Documenta\u00e7\u00e3o da API<\/span>\n\t\t\t\t\t<\/span>\n\t\t\t\t\t<\/a>\n\t\t<\/div>\n\t\t\t\t<\/div>\n\t\t\t\t<\/div>\n\t\t\t\t<\/div>\n\t\t<div class=\"elementor-element elementor-element-6e8e6b4 e-con-full e-flex e-con e-child\" data-id=\"6e8e6b4\" data-element_type=\"container\">\n\t\t\t\t<div class=\"elementor-element elementor-element-154637f elementor-widget elementor-widget-text-editor\" data-id=\"154637f\" data-element_type=\"widget\" data-widget_type=\"text-editor.default\">\n\t\t\t\t<div class=\"elementor-widget-container\">\n\t\t\t\t\t\t\t<h3>Livro Branco - Luzes de aviso GPS para frotas na UE<\/h3><p>Melhores pr\u00e1ticas para as frotas da UE<\/p>\t\t\t\t\t\t<\/div>\n\t\t\t\t<\/div>\n\t\t\t\t<div class=\"elementor-element elementor-element-f060162 elementor-widget elementor-widget-button\" data-id=\"f060162\" data-element_type=\"widget\" data-widget_type=\"button.default\">\n\t\t\t\t<div class=\"elementor-widget-container\">\n\t\t\t\t\t<div class=\"elementor-button-wrapper\">\n\t\t\t<a class=\"elementor-button elementor-button-link elementor-size-sm\" href=\"#\">\n\t\t\t\t\t\t<span class=\"elementor-button-content-wrapper\">\n\t\t\t\t\t\t\t\t\t<span class=\"elementor-button-text\">Descarregar o Livro Branco<\/span>\n\t\t\t\t\t<\/span>\n\t\t\t\t\t<\/a>\n\t\t<\/div>\n\t\t\t\t<\/div>\n\t\t\t\t<\/div>\n\t\t\t\t<\/div>\n\t\t\t\t<\/div>\n\t\t\t\t<\/div>","protected":false},"excerpt":{"rendered":"<p>DGT V16 GPS Car Emergency Light Manufacturer European-ready GPS Car warning lights for fleets. OEM\/ODM capable, proven reliability, and seamless integration with CAN\/OBD networks. CE, RoHS, EMC compliant for EU fleets UNECE Reg 65 readiness Wide temperature, rugged IP-rated design Local EU support network Contact Sales Download Datasheet Advantages of\u00a0GPS Car Emergency Light The DGT [&hellip;]<\/p>","protected":false},"author":1,"featured_media":0,"parent":0,"menu_order":0,"comment_status":"closed","ping_status":"closed","template":"elementor_header_footer","meta":{"footnotes":""},"_links":{"self":[{"href":"https:\/\/dgt-v16.com\/pt\/wp-json\/wp\/v2\/pages\/6"}],"collection":[{"href":"https:\/\/dgt-v16.com\/pt\/wp-json\/wp\/v2\/pages"}],"about":[{"href":"https:\/\/dgt-v16.com\/pt\/wp-json\/wp\/v2\/types\/page"}],"author":[{"embeddable":true,"href":"https:\/\/dgt-v16.com\/pt\/wp-json\/wp\/v2\/users\/1"}],"replies":[{"embeddable":true,"href":"https:\/\/dgt-v16.com\/pt\/wp-json\/wp\/v2\/comments?post=6"}],"version-history":[{"count":4,"href":"https:\/\/dgt-v16.com\/pt\/wp-json\/wp\/v2\/pages\/6\/revisions"}],"predecessor-version":[{"id":3886,"href":"https:\/\/dgt-v16.com\/pt\/wp-json\/wp\/v2\/pages\/6\/revisions\/3886"}],"wp:attachment":[{"href":"https:\/\/dgt-v16.com\/pt\/wp-json\/wp\/v2\/media?parent=6"}],"curies":[{"name":"wp","href":"https:\/\/api.w.org\/{rel}","templated":true}]}}